{"id":4153,"date":"2025-07-18T10:25:09","date_gmt":"2025-07-18T10:25:09","guid":{"rendered":"https:\/\/valgehobuse.ee\/tegevused-talvel\/"},"modified":"2026-01-13T13:41:01","modified_gmt":"2026-01-13T13:41:01","slug":"tegevused-talvel","status":"publish","type":"page","link":"https:\/\/valgehobuse.ee\/ru\/tegevused-talvel\/","title":{"rendered":"Tegevused talvel"},"content":{"rendered":"<div class=\"fusion-fullwidth fullwidth-box fusion-builder-row-1 fusion-flex-container nonhundred-percent-fullwidth non-hundred-percent-height-scrolling\" style=\"--awb-border-radius-top-left:0px;--awb-border-radius-top-right:0px;--awb-border-radius-bottom-right:0px;--awb-border-radius-bottom-left:0px;--awb-flex-wrap:wrap;\" ><div class=\"fusion-builder-row fusion-row fusion-flex-align-items-flex-start fusion-flex-content-wrap\" style=\"max-width:1393.6px;margin-left: calc(-4% \/ 2 );margin-right: calc(-4% \/ 2 );\"><div class=\"fusion-layout-column fusion_builder_column fusion-builder-column-0 fusion_builder_column_1_1 1_1 fusion-flex-column\" style=\"--awb-bg-size:cover;--awb-width-large:100%;--awb-margin-top-large:50px;--awb-spacing-right-large:1.92%;--awb-margin-bottom-large:20px;--awb-spacing-left-large:1.92%;--awb-width-medium:100%;--awb-order-medium:0;--awb-spacing-right-medium:1.92%;--awb-spacing-left-medium:1.92%;--awb-width-small:100%;--awb-order-small:0;--awb-spacing-right-small:1.92%;--awb-spacing-left-small:1.92%;\"><div class=\"fusion-column-wrapper fusion-column-has-shadow fusion-flex-justify-content-flex-start fusion-content-layout-column\"><div class=\"fusion-text fusion-text-1\" style=\"--awb-font-size:16px;\"><p data-start=\"73\" data-end=\"235\">\u00d5pi lumelauatamist v\u00f5i m\u00e4esuusatamist kogenud juhendaja k\u00e4e all!<br data-start=\"129\" data-end=\"132\">Pakume individuaal- ja grupitunde nii lastele kui t\u00e4iskasvanutele \u2013 vastavalt sinu tasemele ja soovile.<br \/>\ud83d\udce9 <strong data-start=\"240\" data-end=\"257\">Broneerimine:<\/strong> <a class=\"decorated-link cursor-pointer\" href=\"mailto:kalju@valgehobuse.ee\" rel=\"noopener\" data-start=\"258\" data-end=\"278\">kalju@valgehobuse.ee<\/a><\/p>\n<\/div><\/div><\/div><\/div><\/div>\n","protected":false},"excerpt":{"rendered":"","protected":false},"author":1,"featured_media":0,"parent":0,"menu_order":0,"comment_status":"closed","ping_status":"closed","template":"","meta":{"inline_featured_image":false,"footnotes":""},"class_list":["post-4153","page","type-page","status-publish","hentry"],"yoast_head":"<!-- This site is optimized with the Yoast SEO plugin v26.7 - https:\/\/yoast.com\/wordpress\/plugins\/seo\/ -->\n<title>Tegevused talvel - Valgehobuse suusa- ja puhkekeskus<\/title>\n<meta name=\"robots\" content=\"index, follow, max-snippet:-1, max-image-preview:large, max-video-preview:-1\" \/>\n<link rel=\"canonical\" href=\"https:\/\/valgehobuse.ee\/ru\/tegevused-talvel\/\" \/>\n<meta property=\"og:locale\" content=\"ru_RU\" \/>\n<meta property=\"og:type\" content=\"article\" \/>\n<meta property=\"og:title\" content=\"Tegevused talvel - Valgehobuse suusa- ja puhkekeskus\" \/>\n<meta property=\"og:url\" content=\"https:\/\/valgehobuse.ee\/ru\/tegevused-talvel\/\" \/>\n<meta property=\"og:site_name\" content=\"Valgehobuse suusa- ja puhkekeskus\" \/>\n<meta property=\"article:modified_time\" content=\"2026-01-13T13:41:01+00:00\" \/>\n<meta name=\"twitter:card\" content=\"summary_large_image\" \/>\n<meta name=\"twitter:label1\" content=\"\u041f\u0440\u0438\u043c\u0435\u0440\u043d\u043e\u0435 \u0432\u0440\u0435\u043c\u044f \u0434\u043b\u044f \u0447\u0442\u0435\u043d\u0438\u044f\" \/>\n\t<meta name=\"twitter:data1\" content=\"2 \u043c\u0438\u043d\u0443\u0442\u044b\" \/>\n<script type=\"application\/ld+json\" class=\"yoast-schema-graph\">{\"@context\":\"https:\/\/schema.org\",\"@graph\":[{\"@type\":\"WebPage\",\"@id\":\"https:\/\/valgehobuse.ee\/ru\/tegevused-talvel\/\",\"url\":\"https:\/\/valgehobuse.ee\/ru\/tegevused-talvel\/\",\"name\":\"Tegevused talvel - Valgehobuse suusa- ja puhkekeskus\",\"isPartOf\":{\"@id\":\"https:\/\/valgehobuse.ee\/ru\/#website\"},\"datePublished\":\"2025-07-18T10:25:09+00:00\",\"dateModified\":\"2026-01-13T13:41:01+00:00\",\"breadcrumb\":{\"@id\":\"https:\/\/valgehobuse.ee\/ru\/tegevused-talvel\/#breadcrumb\"},\"inLanguage\":\"ru-RU\",\"potentialAction\":[{\"@type\":\"ReadAction\",\"target\":[\"https:\/\/valgehobuse.ee\/ru\/tegevused-talvel\/\"]}]},{\"@type\":\"BreadcrumbList\",\"@id\":\"https:\/\/valgehobuse.ee\/ru\/tegevused-talvel\/#breadcrumb\",\"itemListElement\":[{\"@type\":\"ListItem\",\"position\":1,\"name\":\"Home\",\"item\":\"https:\/\/valgehobuse.ee\/ru\/\"},{\"@type\":\"ListItem\",\"position\":2,\"name\":\"Tegevused talvel\"}]},{\"@type\":\"WebSite\",\"@id\":\"https:\/\/valgehobuse.ee\/ru\/#website\",\"url\":\"https:\/\/valgehobuse.ee\/ru\/\",\"name\":\"Valgehobuse suusa- ja puhkekeskus\",\"description\":\"Kaunis loodus puhkamiseks igal aastaajal\",\"potentialAction\":[{\"@type\":\"SearchAction\",\"target\":{\"@type\":\"EntryPoint\",\"urlTemplate\":\"https:\/\/valgehobuse.ee\/ru\/?s={search_term_string}\"},\"query-input\":{\"@type\":\"PropertyValueSpecification\",\"valueRequired\":true,\"valueName\":\"search_term_string\"}}],\"inLanguage\":\"ru-RU\"}]}<\/script>\n<!-- \/ Yoast SEO plugin. -->","yoast_head_json":{"title":"Tegevused talvel - Valgehobuse suusa- ja puhkekeskus","robots":{"index":"index","follow":"follow","max-snippet":"max-snippet:-1","max-image-preview":"max-image-preview:large","max-video-preview":"max-video-preview:-1"},"canonical":"https:\/\/valgehobuse.ee\/ru\/tegevused-talvel\/","og_locale":"ru_RU","og_type":"article","og_title":"Tegevused talvel - Valgehobuse suusa- ja puhkekeskus","og_url":"https:\/\/valgehobuse.ee\/ru\/tegevused-talvel\/","og_site_name":"Valgehobuse suusa- ja puhkekeskus","article_modified_time":"2026-01-13T13:41:01+00:00","twitter_card":"summary_large_image","twitter_misc":{"\u041f\u0440\u0438\u043c\u0435\u0440\u043d\u043e\u0435 \u0432\u0440\u0435\u043c\u044f \u0434\u043b\u044f \u0447\u0442\u0435\u043d\u0438\u044f":"2 \u043c\u0438\u043d\u0443\u0442\u044b"},"schema":{"@context":"https:\/\/schema.org","@graph":[{"@type":"WebPage","@id":"https:\/\/valgehobuse.ee\/ru\/tegevused-talvel\/","url":"https:\/\/valgehobuse.ee\/ru\/tegevused-talvel\/","name":"Tegevused talvel - Valgehobuse suusa- ja puhkekeskus","isPartOf":{"@id":"https:\/\/valgehobuse.ee\/ru\/#website"},"datePublished":"2025-07-18T10:25:09+00:00","dateModified":"2026-01-13T13:41:01+00:00","breadcrumb":{"@id":"https:\/\/valgehobuse.ee\/ru\/tegevused-talvel\/#breadcrumb"},"inLanguage":"ru-RU","potentialAction":[{"@type":"ReadAction","target":["https:\/\/valgehobuse.ee\/ru\/tegevused-talvel\/"]}]},{"@type":"BreadcrumbList","@id":"https:\/\/valgehobuse.ee\/ru\/tegevused-talvel\/#breadcrumb","itemListElement":[{"@type":"ListItem","position":1,"name":"Home","item":"https:\/\/valgehobuse.ee\/ru\/"},{"@type":"ListItem","position":2,"name":"Tegevused talvel"}]},{"@type":"WebSite","@id":"https:\/\/valgehobuse.ee\/ru\/#website","url":"https:\/\/valgehobuse.ee\/ru\/","name":"Valgehobuse suusa- ja puhkekeskus","description":"Kaunis loodus puhkamiseks igal aastaajal","potentialAction":[{"@type":"SearchAction","target":{"@type":"EntryPoint","urlTemplate":"https:\/\/valgehobuse.ee\/ru\/?s={search_term_string}"},"query-input":{"@type":"PropertyValueSpecification","valueRequired":true,"valueName":"search_term_string"}}],"inLanguage":"ru-RU"}]}},"_links":{"self":[{"href":"https:\/\/valgehobuse.ee\/ru\/wp-json\/wp\/v2\/pages\/4153","targetHints":{"allow":["GET"]}}],"collection":[{"href":"https:\/\/valgehobuse.ee\/ru\/wp-json\/wp\/v2\/pages"}],"about":[{"href":"https:\/\/valgehobuse.ee\/ru\/wp-json\/wp\/v2\/types\/page"}],"author":[{"embeddable":true,"href":"https:\/\/valgehobuse.ee\/ru\/wp-json\/wp\/v2\/users\/1"}],"replies":[{"embeddable":true,"href":"https:\/\/valgehobuse.ee\/ru\/wp-json\/wp\/v2\/comments?post=4153"}],"version-history":[{"count":1,"href":"https:\/\/valgehobuse.ee\/ru\/wp-json\/wp\/v2\/pages\/4153\/revisions"}],"predecessor-version":[{"id":4154,"href":"https:\/\/valgehobuse.ee\/ru\/wp-json\/wp\/v2\/pages\/4153\/revisions\/4154"}],"wp:attachment":[{"href":"https:\/\/valgehobuse.ee\/ru\/wp-json\/wp\/v2\/media?parent=4153"}],"curies":[{"name":"wp","href":"https:\/\/api.w.org\/{rel}","templated":true}]}}