{"id":4135,"date":"2025-07-14T12:59:16","date_gmt":"2025-07-14T12:59:16","guid":{"rendered":"https:\/\/valgehobuse.ee\/lokke-ja-grilliplats\/"},"modified":"2026-01-13T13:36:39","modified_gmt":"2026-01-13T13:36:39","slug":"lokke-ja-grilliplats","status":"publish","type":"page","link":"https:\/\/valgehobuse.ee\/ru\/lokke-ja-grilliplats\/","title":{"rendered":"L\u00f5kke- ja grilliplats"},"content":{"rendered":"<p><div class=\"fusion-fullwidth fullwidth-box fusion-builder-row-1 fusion-flex-container nonhundred-percent-fullwidth non-hundred-percent-height-scrolling\" style=\"--awb-border-radius-top-left:0px;--awb-border-radius-top-right:0px;--awb-border-radius-bottom-right:0px;--awb-border-radius-bottom-left:0px;--awb-margin-top:50px;--awb-margin-bottom:100px;--awb-flex-wrap:wrap;\" ><div class=\"fusion-builder-row fusion-row fusion-flex-align-items-center fusion-flex-content-wrap\" style=\"max-width:1393.6px;margin-left: calc(-4% \/ 2 );margin-right: calc(-4% \/ 2 );\"><div class=\"fusion-layout-column fusion_builder_column fusion-builder-column-0 fusion_builder_column_1_2 1_2 fusion-flex-column\" style=\"--awb-bg-size:cover;--awb-width-large:50%;--awb-margin-top-large:0px;--awb-spacing-right-large:3.84%;--awb-margin-bottom-large:0px;--awb-spacing-left-large:3.84%;--awb-width-medium:50%;--awb-order-medium:0;--awb-spacing-right-medium:3.84%;--awb-margin-bottom-medium:20px;--awb-spacing-left-medium:3.84%;--awb-width-small:100%;--awb-order-small:0;--awb-spacing-right-small:1.92%;--awb-spacing-left-small:1.92%;\"><div class=\"fusion-column-wrapper fusion-column-has-shadow fusion-flex-justify-content-flex-start fusion-content-layout-column\"><div class=\"fusion-title title fusion-title-1 fusion-sep-none fusion-title-text fusion-title-size-two\"><h2 class=\"fusion-title-heading title-heading-left fusion-responsive-typography-calculated\" style=\"margin:0;text-transform:capitalize;--fontSize:54;line-height:var(--awb-typography1-line-height);\">L\u00f5kke- ja grilliplats<\/h2><\/div><div class=\"fusion-separator\" style=\"align-self: flex-start;margin-right:auto;margin-top:15px;margin-bottom:35px;width:100%;max-width:80px;\"><div class=\"fusion-separator-border sep-single sep-solid\" style=\"--awb-height:20px;--awb-amount:20px;border-color:var(--awb-color6);border-top-width:2px;\"><\/div><\/div><div class=\"fusion-text fusion-text-1\"><p>Meie l\u00f5kke- ja grilliplats on ideaalne koht m\u00f5nusateks \u00f5htuteks v\u00e4rskes \u00f5hus. Siin saad nautida l\u00f5kke \u00e4\u00e4res istumist, valmistada maitsvaid roogasid grillil ning veeta kvaliteetaega pere v\u00f5i s\u00f5pradega. Platsil on istepingid, grill, l\u00f5kkease ja vajadusel ka katus varjualusena \u2013 k\u00f5ik vajalik, et looduse keskel m\u00f5nusalt aega veeta.<\/p>\n<\/div><\/div><\/div><div class=\"fusion-layout-column fusion_builder_column fusion-builder-column-1 fusion_builder_column_1_4 1_4 fusion-flex-column\" style=\"--awb-bg-size:cover;--awb-width-large:25%;--awb-margin-top-large:0px;--awb-spacing-right-large:0px;--awb-margin-bottom-large:0px;--awb-spacing-left-large:7.68%;--awb-width-medium:25%;--awb-order-medium:0;--awb-margin-top-medium:30px;--awb-spacing-right-medium:0px;--awb-spacing-left-medium:7.68%;--awb-width-small:50%;--awb-order-small:0;--awb-spacing-right-small:0px;--awb-spacing-left-small:3.84%;\"><div class=\"fusion-column-wrapper fusion-column-has-shadow fusion-flex-justify-content-flex-start fusion-content-layout-column\"><div class=\"fusion-image-element md-text-align-right\" style=\"--awb-caption-title-font-family:var(--h2_typography-font-family);--awb-caption-title-font-weight:var(--h2_typography-font-weight);--awb-caption-title-font-style:var(--h2_typography-font-style);--awb-caption-title-size:var(--h2_typography-font-size);--awb-caption-title-transform:var(--h2_typography-text-transform);--awb-caption-title-line-height:var(--h2_typography-line-height);--awb-caption-title-letter-spacing:var(--h2_typography-letter-spacing);\"><span class=\" fusion-imageframe imageframe-none imageframe-1 hover-type-none\" style=\"border-radius:10px;\"><img decoding=\"async\" width=\"1024\" height=\"760\" alt=\"discolf\" title=\"aee73bfa-aa11-4563-a45b-f8f61b3ad630\" src=\"https:\/\/valgehobuse.ee\/wp-content\/uploads\/2025\/07\/aee73bfa-aa11-4563-a45b-f8f61b3ad630.jpeg\" data-orig-src=\"https:\/\/valgehobuse.ee\/wp-content\/uploads\/2025\/07\/aee73bfa-aa11-4563-a45b-f8f61b3ad630-1024x760.jpeg\" class=\"lazyload img-responsive wp-image-3138\" srcset=\"data:image\/svg+xml,%3Csvg%20xmlns%3D%27http%3A%2F%2Fwww.w3.org%2F2000%2Fsvg%27%20width%3D%271080%27%20height%3D%27802%27%20viewBox%3D%270%200%201080%20802%27%3E%3Crect%20width%3D%271080%27%20height%3D%27802%27%20fill-opacity%3D%220%22%2F%3E%3C%2Fsvg%3E\" data-srcset=\"https:\/\/valgehobuse.ee\/wp-content\/uploads\/2025\/07\/aee73bfa-aa11-4563-a45b-f8f61b3ad630-200x149.jpeg 200w, https:\/\/valgehobuse.ee\/wp-content\/uploads\/2025\/07\/aee73bfa-aa11-4563-a45b-f8f61b3ad630-400x297.jpeg 400w, https:\/\/valgehobuse.ee\/wp-content\/uploads\/2025\/07\/aee73bfa-aa11-4563-a45b-f8f61b3ad630-600x446.jpeg 600w, https:\/\/valgehobuse.ee\/wp-content\/uploads\/2025\/07\/aee73bfa-aa11-4563-a45b-f8f61b3ad630-800x594.jpeg 800w, https:\/\/valgehobuse.ee\/wp-content\/uploads\/2025\/07\/aee73bfa-aa11-4563-a45b-f8f61b3ad630.jpeg 1080w\" data-sizes=\"auto\" data-orig-sizes=\"(max-width: 768px) 100vw, 400px\" \/><\/span><\/div><\/div><\/div><div class=\"fusion-layout-column fusion_builder_column fusion-builder-column-2 fusion_builder_column_1_4 1_4 fusion-flex-column fusion-flex-align-self-center\" style=\"--awb-bg-size:cover;--awb-width-large:25%;--awb-margin-top-large:0px;--awb-spacing-right-large:7.68%;--awb-margin-bottom-large:0px;--awb-spacing-left-large:7.68%;--awb-width-medium:25%;--awb-order-medium:0;--awb-margin-top-medium:30px;--awb-spacing-right-medium:7.68%;--awb-spacing-left-medium:7.68%;--awb-width-small:50%;--awb-order-small:0;--awb-spacing-right-small:3.84%;--awb-spacing-left-small:3.84%;\"><div class=\"fusion-column-wrapper fusion-column-has-shadow fusion-flex-justify-content-flex-start fusion-content-layout-column\"><div class=\"fusion-image-element \" style=\"--awb-caption-title-font-family:var(--h2_typography-font-family);--awb-caption-title-font-weight:var(--h2_typography-font-weight);--awb-caption-title-font-style:var(--h2_typography-font-style);--awb-caption-title-size:var(--h2_typography-font-size);--awb-caption-title-transform:var(--h2_typography-text-transform);--awb-caption-title-line-height:var(--h2_typography-line-height);--awb-caption-title-letter-spacing:var(--h2_typography-letter-spacing);\"><span class=\" fusion-imageframe imageframe-none imageframe-2 hover-type-none\" style=\"border-radius:10px;\"><img decoding=\"async\" width=\"1024\" height=\"576\" alt=\"hiking\" title=\"5389353e-6a42-4d0f-9bb2-b2811e854594\" src=\"https:\/\/valgehobuse.ee\/wp-content\/uploads\/2025\/07\/5389353e-6a42-4d0f-9bb2-b2811e854594.jpeg\" data-orig-src=\"https:\/\/valgehobuse.ee\/wp-content\/uploads\/2025\/07\/5389353e-6a42-4d0f-9bb2-b2811e854594-1024x576.jpeg\" class=\"lazyload img-responsive wp-image-3140\" srcset=\"data:image\/svg+xml,%3Csvg%20xmlns%3D%27http%3A%2F%2Fwww.w3.org%2F2000%2Fsvg%27%20width%3D%272016%27%20height%3D%271134%27%20viewBox%3D%270%200%202016%201134%27%3E%3Crect%20width%3D%272016%27%20height%3D%271134%27%20fill-opacity%3D%220%22%2F%3E%3C%2Fsvg%3E\" data-srcset=\"https:\/\/valgehobuse.ee\/wp-content\/uploads\/2025\/07\/5389353e-6a42-4d0f-9bb2-b2811e854594-200x113.jpeg 200w, https:\/\/valgehobuse.ee\/wp-content\/uploads\/2025\/07\/5389353e-6a42-4d0f-9bb2-b2811e854594-400x225.jpeg 400w, https:\/\/valgehobuse.ee\/wp-content\/uploads\/2025\/07\/5389353e-6a42-4d0f-9bb2-b2811e854594-600x338.jpeg 600w, https:\/\/valgehobuse.ee\/wp-content\/uploads\/2025\/07\/5389353e-6a42-4d0f-9bb2-b2811e854594-800x450.jpeg 800w, https:\/\/valgehobuse.ee\/wp-content\/uploads\/2025\/07\/5389353e-6a42-4d0f-9bb2-b2811e854594-1200x675.jpeg 1200w\" data-sizes=\"auto\" data-orig-sizes=\"(max-width: 768px) 100vw, 400px\" \/><\/span><\/div><\/div><\/div><\/div><\/div><div class=\"fusion-fullwidth fullwidth-box fusion-builder-row-2 fusion-flex-container has-pattern-background has-mask-background nonhundred-percent-fullwidth non-hundred-percent-height-scrolling\" style=\"--awb-border-radius-top-left:0px;--awb-border-radius-top-right:0px;--awb-border-radius-bottom-right:0px;--awb-border-radius-bottom-left:0px;--awb-flex-wrap:wrap;\" ><div class=\"fusion-builder-row fusion-row fusion-flex-align-items-flex-start fusion-flex-content-wrap\" style=\"max-width:1393.6px;margin-left: calc(-4% \/ 2 );margin-right: calc(-4% \/ 2 );\"><div class=\"fusion-layout-column fusion_builder_column fusion-builder-column-3 fusion_builder_column_1_3 1_3 fusion-flex-column\" style=\"--awb-bg-size:cover;--awb-width-large:33.3333333333%;--awb-margin-top-large:0px;--awb-spacing-right-large:5.76%;--awb-margin-bottom-large:20px;--awb-spacing-left-large:5.76%;--awb-width-medium:33.3333333333%;--awb-order-medium:0;--awb-spacing-right-medium:5.76%;--awb-spacing-left-medium:5.76%;--awb-width-small:100%;--awb-order-small:0;--awb-spacing-right-small:1.92%;--awb-spacing-left-small:1.92%;\"><div class=\"fusion-column-wrapper fusion-column-has-shadow fusion-flex-justify-content-flex-start fusion-content-layout-column\"><div class=\"fusion-image-element \" style=\"--awb-caption-title-font-family:var(--h2_typography-font-family);--awb-caption-title-font-weight:var(--h2_typography-font-weight);--awb-caption-title-font-style:var(--h2_typography-font-style);--awb-caption-title-size:var(--h2_typography-font-size);--awb-caption-title-transform:var(--h2_typography-text-transform);--awb-caption-title-line-height:var(--h2_typography-line-height);--awb-caption-title-letter-spacing:var(--h2_typography-letter-spacing);\"><span class=\" fusion-imageframe imageframe-none imageframe-4 hover-type-none\"><img decoding=\"async\" width=\"577\" height=\"1024\" title=\"20250815_182821\" src=\"https:\/\/valgehobuse.ee\/wp-content\/uploads\/2025\/09\/20250815_182821-scaled.jpg\" data-orig-src=\"https:\/\/valgehobuse.ee\/wp-content\/uploads\/2025\/09\/20250815_182821-577x1024.jpg\" alt class=\"lazyload img-responsive wp-image-3515\" srcset=\"data:image\/svg+xml,%3Csvg%20xmlns%3D%27http%3A%2F%2Fwww.w3.org%2F2000%2Fsvg%27%20width%3D%271441%27%20height%3D%272560%27%20viewBox%3D%270%200%201441%202560%27%3E%3Crect%20width%3D%271441%27%20height%3D%272560%27%20fill-opacity%3D%220%22%2F%3E%3C%2Fsvg%3E\" data-srcset=\"https:\/\/valgehobuse.ee\/wp-content\/uploads\/2025\/09\/20250815_182821-200x355.jpg 200w, https:\/\/valgehobuse.ee\/wp-content\/uploads\/2025\/09\/20250815_182821-400x710.jpg 400w, https:\/\/valgehobuse.ee\/wp-content\/uploads\/2025\/09\/20250815_182821-600x1066.jpg 600w, https:\/\/valgehobuse.ee\/wp-content\/uploads\/2025\/09\/20250815_182821-800x1421.jpg 800w, https:\/\/valgehobuse.ee\/wp-content\/uploads\/2025\/09\/20250815_182821-1200x2131.jpg 1200w, https:\/\/valgehobuse.ee\/wp-content\/uploads\/2025\/09\/20250815_182821-scaled.jpg 1441w\" data-sizes=\"auto\" data-orig-sizes=\"(max-width: 768px) 100vw, 600px\" \/><\/span><\/div><\/div><\/div><div class=\"fusion-layout-column fusion_builder_column fusion-builder-column-4 fusion_builder_column_1_3 1_3 fusion-flex-column\" style=\"--awb-bg-size:cover;--awb-width-large:33.3333333333%;--awb-margin-top-large:0px;--awb-spacing-right-large:5.76%;--awb-margin-bottom-large:20px;--awb-spacing-left-large:5.76%;--awb-width-medium:33.3333333333%;--awb-order-medium:0;--awb-spacing-right-medium:5.76%;--awb-spacing-left-medium:5.76%;--awb-width-small:100%;--awb-order-small:0;--awb-spacing-right-small:1.92%;--awb-spacing-left-small:1.92%;\"><div class=\"fusion-column-wrapper fusion-column-has-shadow fusion-flex-justify-content-flex-start fusion-content-layout-column\"><\/div><\/div><div class=\"fusion-layout-column fusion_builder_column fusion-builder-column-5 fusion_builder_column_1_3 1_3 fusion-flex-column\" style=\"--awb-bg-size:cover;--awb-width-large:33.3333333333%;--awb-margin-top-large:0px;--awb-spacing-right-large:5.76%;--awb-margin-bottom-large:20px;--awb-spacing-left-large:5.76%;--awb-width-medium:33.3333333333%;--awb-order-medium:0;--awb-spacing-right-medium:5.76%;--awb-spacing-left-medium:5.76%;--awb-width-small:100%;--awb-order-small:0;--awb-spacing-right-small:1.92%;--awb-spacing-left-small:1.92%;\"><div class=\"fusion-column-wrapper fusion-column-has-shadow fusion-flex-justify-content-flex-start fusion-content-layout-column\"><\/div><\/div><\/div><\/div><\/p>\n","protected":false},"excerpt":{"rendered":"","protected":false},"author":1,"featured_media":0,"parent":0,"menu_order":0,"comment_status":"closed","ping_status":"closed","template":"","meta":{"inline_featured_image":false,"footnotes":""},"class_list":["post-4135","page","type-page","status-publish","hentry"],"yoast_head":"<!-- This site is optimized with the Yoast SEO plugin v26.7 - https:\/\/yoast.com\/wordpress\/plugins\/seo\/ -->\n<title>L\u00f5kke- ja grilliplats - Valgehobuse suusa- ja puhkekeskus<\/title>\n<meta name=\"robots\" content=\"index, follow, max-snippet:-1, max-image-preview:large, max-video-preview:-1\" \/>\n<link rel=\"canonical\" href=\"https:\/\/valgehobuse.ee\/ru\/lokke-ja-grilliplats\/\" \/>\n<meta property=\"og:locale\" content=\"ru_RU\" \/>\n<meta property=\"og:type\" content=\"article\" \/>\n<meta property=\"og:title\" content=\"L\u00f5kke- ja grilliplats - Valgehobuse suusa- ja puhkekeskus\" \/>\n<meta property=\"og:url\" content=\"https:\/\/valgehobuse.ee\/ru\/lokke-ja-grilliplats\/\" \/>\n<meta property=\"og:site_name\" content=\"Valgehobuse suusa- ja puhkekeskus\" \/>\n<meta property=\"article:modified_time\" content=\"2026-01-13T13:36:39+00:00\" \/>\n<meta name=\"twitter:card\" content=\"summary_large_image\" \/>\n<meta name=\"twitter:label1\" content=\"\u041f\u0440\u0438\u043c\u0435\u0440\u043d\u043e\u0435 \u0432\u0440\u0435\u043c\u044f \u0434\u043b\u044f \u0447\u0442\u0435\u043d\u0438\u044f\" \/>\n\t<meta name=\"twitter:data1\" content=\"13 \u043c\u0438\u043d\u0443\u0442\" \/>\n<script type=\"application\/ld+json\" class=\"yoast-schema-graph\">{\"@context\":\"https:\/\/schema.org\",\"@graph\":[{\"@type\":\"WebPage\",\"@id\":\"https:\/\/valgehobuse.ee\/ru\/lokke-ja-grilliplats\/\",\"url\":\"https:\/\/valgehobuse.ee\/ru\/lokke-ja-grilliplats\/\",\"name\":\"L\u00f5kke- ja grilliplats - Valgehobuse suusa- ja puhkekeskus\",\"isPartOf\":{\"@id\":\"https:\/\/valgehobuse.ee\/ru\/#website\"},\"datePublished\":\"2025-07-14T12:59:16+00:00\",\"dateModified\":\"2026-01-13T13:36:39+00:00\",\"breadcrumb\":{\"@id\":\"https:\/\/valgehobuse.ee\/ru\/lokke-ja-grilliplats\/#breadcrumb\"},\"inLanguage\":\"ru-RU\",\"potentialAction\":[{\"@type\":\"ReadAction\",\"target\":[\"https:\/\/valgehobuse.ee\/ru\/lokke-ja-grilliplats\/\"]}]},{\"@type\":\"BreadcrumbList\",\"@id\":\"https:\/\/valgehobuse.ee\/ru\/lokke-ja-grilliplats\/#breadcrumb\",\"itemListElement\":[{\"@type\":\"ListItem\",\"position\":1,\"name\":\"Home\",\"item\":\"https:\/\/valgehobuse.ee\/ru\/\"},{\"@type\":\"ListItem\",\"position\":2,\"name\":\"L\u00f5kke- ja grilliplats\"}]},{\"@type\":\"WebSite\",\"@id\":\"https:\/\/valgehobuse.ee\/ru\/#website\",\"url\":\"https:\/\/valgehobuse.ee\/ru\/\",\"name\":\"Valgehobuse suusa- ja puhkekeskus\",\"description\":\"Kaunis loodus puhkamiseks igal aastaajal\",\"potentialAction\":[{\"@type\":\"SearchAction\",\"target\":{\"@type\":\"EntryPoint\",\"urlTemplate\":\"https:\/\/valgehobuse.ee\/ru\/?s={search_term_string}\"},\"query-input\":{\"@type\":\"PropertyValueSpecification\",\"valueRequired\":true,\"valueName\":\"search_term_string\"}}],\"inLanguage\":\"ru-RU\"}]}<\/script>\n<!-- \/ Yoast SEO plugin. -->","yoast_head_json":{"title":"L\u00f5kke- ja grilliplats - Valgehobuse suusa- ja puhkekeskus","robots":{"index":"index","follow":"follow","max-snippet":"max-snippet:-1","max-image-preview":"max-image-preview:large","max-video-preview":"max-video-preview:-1"},"canonical":"https:\/\/valgehobuse.ee\/ru\/lokke-ja-grilliplats\/","og_locale":"ru_RU","og_type":"article","og_title":"L\u00f5kke- ja grilliplats - Valgehobuse suusa- ja puhkekeskus","og_url":"https:\/\/valgehobuse.ee\/ru\/lokke-ja-grilliplats\/","og_site_name":"Valgehobuse suusa- ja puhkekeskus","article_modified_time":"2026-01-13T13:36:39+00:00","twitter_card":"summary_large_image","twitter_misc":{"\u041f\u0440\u0438\u043c\u0435\u0440\u043d\u043e\u0435 \u0432\u0440\u0435\u043c\u044f \u0434\u043b\u044f \u0447\u0442\u0435\u043d\u0438\u044f":"13 \u043c\u0438\u043d\u0443\u0442"},"schema":{"@context":"https:\/\/schema.org","@graph":[{"@type":"WebPage","@id":"https:\/\/valgehobuse.ee\/ru\/lokke-ja-grilliplats\/","url":"https:\/\/valgehobuse.ee\/ru\/lokke-ja-grilliplats\/","name":"L\u00f5kke- ja grilliplats - Valgehobuse suusa- ja puhkekeskus","isPartOf":{"@id":"https:\/\/valgehobuse.ee\/ru\/#website"},"datePublished":"2025-07-14T12:59:16+00:00","dateModified":"2026-01-13T13:36:39+00:00","breadcrumb":{"@id":"https:\/\/valgehobuse.ee\/ru\/lokke-ja-grilliplats\/#breadcrumb"},"inLanguage":"ru-RU","potentialAction":[{"@type":"ReadAction","target":["https:\/\/valgehobuse.ee\/ru\/lokke-ja-grilliplats\/"]}]},{"@type":"BreadcrumbList","@id":"https:\/\/valgehobuse.ee\/ru\/lokke-ja-grilliplats\/#breadcrumb","itemListElement":[{"@type":"ListItem","position":1,"name":"Home","item":"https:\/\/valgehobuse.ee\/ru\/"},{"@type":"ListItem","position":2,"name":"L\u00f5kke- ja grilliplats"}]},{"@type":"WebSite","@id":"https:\/\/valgehobuse.ee\/ru\/#website","url":"https:\/\/valgehobuse.ee\/ru\/","name":"Valgehobuse suusa- ja puhkekeskus","description":"Kaunis loodus puhkamiseks igal aastaajal","potentialAction":[{"@type":"SearchAction","target":{"@type":"EntryPoint","urlTemplate":"https:\/\/valgehobuse.ee\/ru\/?s={search_term_string}"},"query-input":{"@type":"PropertyValueSpecification","valueRequired":true,"valueName":"search_term_string"}}],"inLanguage":"ru-RU"}]}},"_links":{"self":[{"href":"https:\/\/valgehobuse.ee\/ru\/wp-json\/wp\/v2\/pages\/4135","targetHints":{"allow":["GET"]}}],"collection":[{"href":"https:\/\/valgehobuse.ee\/ru\/wp-json\/wp\/v2\/pages"}],"about":[{"href":"https:\/\/valgehobuse.ee\/ru\/wp-json\/wp\/v2\/types\/page"}],"author":[{"embeddable":true,"href":"https:\/\/valgehobuse.ee\/ru\/wp-json\/wp\/v2\/users\/1"}],"replies":[{"embeddable":true,"href":"https:\/\/valgehobuse.ee\/ru\/wp-json\/wp\/v2\/comments?post=4135"}],"version-history":[{"count":2,"href":"https:\/\/valgehobuse.ee\/ru\/wp-json\/wp\/v2\/pages\/4135\/revisions"}],"predecessor-version":[{"id":4137,"href":"https:\/\/valgehobuse.ee\/ru\/wp-json\/wp\/v2\/pages\/4135\/revisions\/4137"}],"wp:attachment":[{"href":"https:\/\/valgehobuse.ee\/ru\/wp-json\/wp\/v2\/media?parent=4135"}],"curies":[{"name":"wp","href":"https:\/\/api.w.org\/{rel}","templated":true}]}}