{"id":4133,"date":"2025-07-14T11:30:14","date_gmt":"2025-07-14T11:30:14","guid":{"rendered":"https:\/\/valgehobuse.ee\/matkad\/"},"modified":"2026-01-13T13:36:26","modified_gmt":"2026-01-13T13:36:26","slug":"matkad","status":"publish","type":"page","link":"https:\/\/valgehobuse.ee\/ru\/matkad\/","title":{"rendered":"Matkad"},"content":{"rendered":"<div class=\"fusion-fullwidth fullwidth-box fusion-builder-row-1 fusion-flex-container nonhundred-percent-fullwidth non-hundred-percent-height-scrolling\" style=\"--awb-border-radius-top-left:0px;--awb-border-radius-top-right:0px;--awb-border-radius-bottom-right:0px;--awb-border-radius-bottom-left:0px;--awb-flex-wrap:wrap;\" ><div class=\"fusion-builder-row fusion-row fusion-flex-align-items-flex-start fusion-flex-content-wrap\" style=\"max-width:1393.6px;margin-left: calc(-4% \/ 2 );margin-right: calc(-4% \/ 2 );\"><div class=\"fusion-layout-column fusion_builder_column fusion-builder-column-0 fusion_builder_column_1_1 1_1 fusion-flex-column\" style=\"--awb-bg-size:cover;--awb-width-large:100%;--awb-margin-top-large:0px;--awb-spacing-right-large:1.92%;--awb-margin-bottom-large:0px;--awb-spacing-left-large:1.92%;--awb-width-medium:100%;--awb-spacing-right-medium:1.92%;--awb-spacing-left-medium:1.92%;--awb-width-small:100%;--awb-spacing-right-small:1.92%;--awb-spacing-left-small:1.92%;\"><div class=\"fusion-column-wrapper fusion-flex-justify-content-flex-start fusion-content-layout-column\"><div class=\"fusion-text fusion-text-1\"><p><b>Keskuse matkajuhid korraldavad matku Rehessaare <i>suurkivi<\/i> juurde, M\u00e4gede m\u00f5hnastikul ja Kakerdaja rabasse ning j\u00e4rve juurde.<\/b><\/p>\n<\/div><div class=\"fusion-content-boxes content-boxes columns row fusion-columns-2 fusion-columns-total-4 fusion-content-boxes-1 content-boxes-icon-on-top content-left has-flex-alignment fusion-delayed-animation\" style=\"--awb-backgroundcolor:#faf7ff;--awb-border-radius-top-left:6px;--awb-border-radius-top-right:6px;--awb-border-radius-bottom-right:6px;--awb-border-radius-bottom-left:6px;--awb-alignment:stretch;--awb-body-color:var(--awb-color4);--awb-title-color:var(--awb-color4);--awb-iconcolor:#593e84;--awb-hover-accent-color:rgba(42,29,62,1);--awb-circle-hover-accent-color:transparent;--awb-box-shadow:7px 7px 0px 0px var(--awb-color8);;\" data-animation-delay=\"300\" data-animationOffset=\"top-into-view\"><div style=\"--awb-backgroundcolor:#faf7ff;--awb-iconcolor:#593e84;\" class=\"fusion-column content-box-column content-box-column content-box-column-1 col-lg-6 col-md-6 col-sm-6 fusion-content-box-hover content-box-column-first-in-row\"><div class=\"col content-box-wrapper content-wrapper-background link-area-link-icon link-type-text content-icon-wrapper-yes icon-hover-animation-fade\" data-animationOffset=\"top-into-view\"><div class=\"heading heading-with-icon icon-left\"><a class=\"heading-link\" href=\"https:\/\/valgehobuse.ee\/wp-content\/uploads\/2025\/07\/3-ja-5-km-rada-2008dets.pdf\" target=\"_blank\" rel=\"noopener noreferrer\"><div class=\"icon\" style=\"-webkit-animation-duration: 300ms;animation-duration: 300ms;\"><span ><i style=\"background-color:transparent;border-color:transparent;height:auto;width: 36px;line-height:normal;font-size:36px;\" aria-hidden=\"true\" class=\"fontawesome-icon icon-basic-security circle-no\"><\/i><\/span><\/div><h2 class=\"content-box-heading fusion-responsive-typography-calculated\" style=\"--h2_typography-font-size:24px;--fontSize:24;line-height:var(--awb-typography1-line-height);\">Kalevipoja rada<\/h2><\/a><\/div><div class=\"fusion-clearfix\"><\/div><div class=\"content-container\">Keskuses k\u00fclastushoone k\u00f5rval asuvad rajad on viidastatud.<br \/>\nKepik\u00f5nni jaoks ideaalsed rajad<br \/>\nRingi l\u00e4bimiseks kulub keskmiselt 3km-40min ja 5km-1tund<br \/>Hind kokkuleppel!<\/div><div class=\"fusion-clearfix\"><\/div><a class=\" fusion-read-more\" href=\"https:\/\/valgehobuse.ee\/wp-content\/uploads\/2025\/07\/3-ja-5-km-rada-2008dets.pdf\" target=\"_blank\" rel=\"noopener noreferrer\">Vaata kaarti<\/a><div class=\"fusion-clearfix\"><\/div><\/div><\/div><div style=\"--awb-backgroundcolor:#faf7ff;--awb-iconcolor:#593e84;\" class=\"fusion-column content-box-column content-box-column content-box-column-2 col-lg-6 col-md-6 col-sm-6 fusion-content-box-hover content-box-column-last-in-row\"><div class=\"col content-box-wrapper content-wrapper-background link-area-link-icon content-icon-wrapper-yes icon-hover-animation-fade\" data-animationOffset=\"top-into-view\"><div class=\"heading heading-with-icon icon-left\"><div class=\"icon\" style=\"-webkit-animation-duration: 300ms;animation-duration: 300ms;\"><span ><i style=\"background-color:transparent;border-color:transparent;height:auto;width: 36px;line-height:normal;font-size:36px;\" aria-hidden=\"true\" class=\"fontawesome-icon icon-basic-cart circle-no\"><\/i><\/span><\/div><h2 class=\"content-box-heading fusion-responsive-typography-calculated\" style=\"--h2_typography-font-size:24px;--fontSize:24;line-height:var(--awb-typography1-line-height);\">K\u00f5rvemaa \u00fchedatud rada<\/h2><\/div><div class=\"fusion-clearfix\"><\/div><div class=\"content-container\">\n<p>Raja kogupikkus on 65km<br \/>Saab k\u00fclastada J\u00e4nedat, Aegviidut, Nelij\u00e4rve ja K\u00f5rve matka- ja suusakeskust.<br \/>Liikuda saab jala v\u00f5i maastikurattaga.<br \/>Distansid on olenevalt sihtpunktist edasi-tagasi 22km-44km<br \/>Orienteeruv l\u00e4bimisaeg 1 kuni 6tunnini.<br \/>Giidiga rada 11,5km<br \/>Hind kokkuleppel!<\/p>\n<\/div><\/div><\/div><div style=\"--awb-backgroundcolor:#faf7ff;--awb-iconcolor:#593e84;\" class=\"fusion-column content-box-column content-box-column content-box-column-3 col-lg-6 col-md-6 col-sm-6 fusion-content-box-hover content-box-column-first-in-row\"><div class=\"col content-box-wrapper content-wrapper-background link-area-link-icon link-type-text content-icon-wrapper-yes icon-hover-animation-fade\" data-animationOffset=\"top-into-view\"><div class=\"heading heading-with-icon icon-left\"><a class=\"heading-link\" href=\"https:\/\/valgehobuse.ee\/wp-content\/uploads\/2025\/07\/suur_kaart.pdf\" target=\"_blank\" rel=\"noopener noreferrer\"><div class=\"icon\" style=\"-webkit-animation-duration: 300ms;animation-duration: 300ms;\"><span ><i style=\"background-color:transparent;border-color:transparent;height:auto;width: 36px;line-height:normal;font-size:36px;\" aria-hidden=\"true\" class=\"fontawesome-icon icon-basic-cart circle-no\"><\/i><\/span><\/div><h2 class=\"content-box-heading fusion-responsive-typography-calculated\" style=\"--h2_typography-font-size:24px;--fontSize:24;line-height:var(--awb-typography1-line-height);\">Valgehobusem\u00e4e rattamatka ring<\/h2><\/a><\/div><div class=\"fusion-clearfix\"><\/div><div class=\"content-container\">\n<p>Pikkus 47km<br \/>Rattamatka ring kulgeb \u00fcmber Valgehobusem\u00e4e ja \u00fcmber Kakerdaja raba. Rajal on ka veetakistus, mida saab ka kuiva jalaga \u00fcletada. Neljak\u00fcmnendal kilomeetril on v\u00f5imalus m\u00f6\u00f6da laudteed rabaga tutvuda.<br \/>S\u00f5iduaeg m\u00f5\u00f5dukas matkatempos ca 4-5tundi<br \/>Rada on viidastatud.<br \/>(enne s\u00f5itu peab keegi grupist igaks juhuks kaasa v\u00f5tma matkaraja kaardi)<br \/>Kaasa v\u00f5tta jook ja s\u00f6\u00f6k, sest toidupoodi rajal pole.<br \/>Hind kokkuleppel!<\/p>\n<\/div><div class=\"fusion-clearfix\"><\/div><a class=\" fusion-read-more\" href=\"https:\/\/valgehobuse.ee\/wp-content\/uploads\/2025\/07\/suur_kaart.pdf\" target=\"_blank\" rel=\"noopener noreferrer\">Vaata kaarti<\/a><div class=\"fusion-clearfix\"><\/div><\/div><\/div><div style=\"--awb-backgroundcolor:#faf7ff;--awb-iconcolor:#593e84;\" class=\"fusion-column content-box-column content-box-column content-box-column-4 col-lg-6 col-md-6 col-sm-6 fusion-content-box-hover content-box-column-last content-box-column-last-in-row\"><div class=\"col content-box-wrapper content-wrapper-background link-area-link-icon content-icon-wrapper-yes icon-hover-animation-fade\" data-animationOffset=\"top-into-view\"><div class=\"heading heading-with-icon icon-left\"><div class=\"icon\" style=\"-webkit-animation-duration: 300ms;animation-duration: 300ms;\"><span ><i style=\"background-color:transparent;border-color:transparent;height:auto;width: 36px;line-height:normal;font-size:36px;\" aria-hidden=\"true\" class=\"fontawesome-icon icon-basic-cart circle-no\"><\/i><\/span><\/div><h2 class=\"content-box-heading fusion-responsive-typography-calculated\" style=\"--h2_typography-font-size:24px;--fontSize:24;line-height:var(--awb-typography1-line-height);\">Jalgsimatk Rehessaare suurkivi juurde<\/h2><\/div><div class=\"fusion-clearfix\"><\/div><div class=\"content-container\">\n<p>Pikkus 11km<br \/>Matkaaeg 2 \u2013 3 tundi<br \/>Hind kokkuleppel!<\/p>\n<\/div><\/div><\/div><div class=\"fusion-clearfix\"><\/div><\/div><\/div><\/div><\/div><\/div>\n","protected":false},"excerpt":{"rendered":"","protected":false},"author":1,"featured_media":0,"parent":0,"menu_order":0,"comment_status":"closed","ping_status":"closed","template":"","meta":{"inline_featured_image":false,"footnotes":""},"class_list":["post-4133","page","type-page","status-publish","hentry"],"yoast_head":"<!-- This site is optimized with the Yoast SEO plugin v26.7 - https:\/\/yoast.com\/wordpress\/plugins\/seo\/ -->\n<title>Matkad - Valgehobuse suusa- ja puhkekeskus<\/title>\n<meta name=\"robots\" content=\"index, follow, max-snippet:-1, max-image-preview:large, max-video-preview:-1\" \/>\n<link rel=\"canonical\" href=\"https:\/\/valgehobuse.ee\/ru\/matkad\/\" \/>\n<meta property=\"og:locale\" content=\"ru_RU\" \/>\n<meta property=\"og:type\" content=\"article\" \/>\n<meta property=\"og:title\" content=\"Matkad - Valgehobuse suusa- ja puhkekeskus\" \/>\n<meta property=\"og:url\" content=\"https:\/\/valgehobuse.ee\/ru\/matkad\/\" \/>\n<meta property=\"og:site_name\" content=\"Valgehobuse suusa- ja puhkekeskus\" \/>\n<meta property=\"article:modified_time\" content=\"2026-01-13T13:36:26+00:00\" \/>\n<meta name=\"twitter:card\" content=\"summary_large_image\" \/>\n<meta name=\"twitter:label1\" content=\"\u041f\u0440\u0438\u043c\u0435\u0440\u043d\u043e\u0435 \u0432\u0440\u0435\u043c\u044f \u0434\u043b\u044f \u0447\u0442\u0435\u043d\u0438\u044f\" \/>\n\t<meta name=\"twitter:data1\" content=\"2 \u043c\u0438\u043d\u0443\u0442\u044b\" \/>\n<script type=\"application\/ld+json\" class=\"yoast-schema-graph\">{\"@context\":\"https:\/\/schema.org\",\"@graph\":[{\"@type\":\"WebPage\",\"@id\":\"https:\/\/valgehobuse.ee\/ru\/matkad\/\",\"url\":\"https:\/\/valgehobuse.ee\/ru\/matkad\/\",\"name\":\"Matkad - Valgehobuse suusa- ja puhkekeskus\",\"isPartOf\":{\"@id\":\"https:\/\/valgehobuse.ee\/ru\/#website\"},\"datePublished\":\"2025-07-14T11:30:14+00:00\",\"dateModified\":\"2026-01-13T13:36:26+00:00\",\"breadcrumb\":{\"@id\":\"https:\/\/valgehobuse.ee\/ru\/matkad\/#breadcrumb\"},\"inLanguage\":\"ru-RU\",\"potentialAction\":[{\"@type\":\"ReadAction\",\"target\":[\"https:\/\/valgehobuse.ee\/ru\/matkad\/\"]}]},{\"@type\":\"BreadcrumbList\",\"@id\":\"https:\/\/valgehobuse.ee\/ru\/matkad\/#breadcrumb\",\"itemListElement\":[{\"@type\":\"ListItem\",\"position\":1,\"name\":\"Home\",\"item\":\"https:\/\/valgehobuse.ee\/ru\/\"},{\"@type\":\"ListItem\",\"position\":2,\"name\":\"Matkad\"}]},{\"@type\":\"WebSite\",\"@id\":\"https:\/\/valgehobuse.ee\/ru\/#website\",\"url\":\"https:\/\/valgehobuse.ee\/ru\/\",\"name\":\"Valgehobuse suusa- ja puhkekeskus\",\"description\":\"Kaunis loodus puhkamiseks igal aastaajal\",\"potentialAction\":[{\"@type\":\"SearchAction\",\"target\":{\"@type\":\"EntryPoint\",\"urlTemplate\":\"https:\/\/valgehobuse.ee\/ru\/?s={search_term_string}\"},\"query-input\":{\"@type\":\"PropertyValueSpecification\",\"valueRequired\":true,\"valueName\":\"search_term_string\"}}],\"inLanguage\":\"ru-RU\"}]}<\/script>\n<!-- \/ Yoast SEO plugin. -->","yoast_head_json":{"title":"Matkad - Valgehobuse suusa- ja puhkekeskus","robots":{"index":"index","follow":"follow","max-snippet":"max-snippet:-1","max-image-preview":"max-image-preview:large","max-video-preview":"max-video-preview:-1"},"canonical":"https:\/\/valgehobuse.ee\/ru\/matkad\/","og_locale":"ru_RU","og_type":"article","og_title":"Matkad - Valgehobuse suusa- ja puhkekeskus","og_url":"https:\/\/valgehobuse.ee\/ru\/matkad\/","og_site_name":"Valgehobuse suusa- ja puhkekeskus","article_modified_time":"2026-01-13T13:36:26+00:00","twitter_card":"summary_large_image","twitter_misc":{"\u041f\u0440\u0438\u043c\u0435\u0440\u043d\u043e\u0435 \u0432\u0440\u0435\u043c\u044f \u0434\u043b\u044f \u0447\u0442\u0435\u043d\u0438\u044f":"2 \u043c\u0438\u043d\u0443\u0442\u044b"},"schema":{"@context":"https:\/\/schema.org","@graph":[{"@type":"WebPage","@id":"https:\/\/valgehobuse.ee\/ru\/matkad\/","url":"https:\/\/valgehobuse.ee\/ru\/matkad\/","name":"Matkad - Valgehobuse suusa- ja puhkekeskus","isPartOf":{"@id":"https:\/\/valgehobuse.ee\/ru\/#website"},"datePublished":"2025-07-14T11:30:14+00:00","dateModified":"2026-01-13T13:36:26+00:00","breadcrumb":{"@id":"https:\/\/valgehobuse.ee\/ru\/matkad\/#breadcrumb"},"inLanguage":"ru-RU","potentialAction":[{"@type":"ReadAction","target":["https:\/\/valgehobuse.ee\/ru\/matkad\/"]}]},{"@type":"BreadcrumbList","@id":"https:\/\/valgehobuse.ee\/ru\/matkad\/#breadcrumb","itemListElement":[{"@type":"ListItem","position":1,"name":"Home","item":"https:\/\/valgehobuse.ee\/ru\/"},{"@type":"ListItem","position":2,"name":"Matkad"}]},{"@type":"WebSite","@id":"https:\/\/valgehobuse.ee\/ru\/#website","url":"https:\/\/valgehobuse.ee\/ru\/","name":"Valgehobuse suusa- ja puhkekeskus","description":"Kaunis loodus puhkamiseks igal aastaajal","potentialAction":[{"@type":"SearchAction","target":{"@type":"EntryPoint","urlTemplate":"https:\/\/valgehobuse.ee\/ru\/?s={search_term_string}"},"query-input":{"@type":"PropertyValueSpecification","valueRequired":true,"valueName":"search_term_string"}}],"inLanguage":"ru-RU"}]}},"_links":{"self":[{"href":"https:\/\/valgehobuse.ee\/ru\/wp-json\/wp\/v2\/pages\/4133","targetHints":{"allow":["GET"]}}],"collection":[{"href":"https:\/\/valgehobuse.ee\/ru\/wp-json\/wp\/v2\/pages"}],"about":[{"href":"https:\/\/valgehobuse.ee\/ru\/wp-json\/wp\/v2\/types\/page"}],"author":[{"embeddable":true,"href":"https:\/\/valgehobuse.ee\/ru\/wp-json\/wp\/v2\/users\/1"}],"replies":[{"embeddable":true,"href":"https:\/\/valgehobuse.ee\/ru\/wp-json\/wp\/v2\/comments?post=4133"}],"version-history":[{"count":1,"href":"https:\/\/valgehobuse.ee\/ru\/wp-json\/wp\/v2\/pages\/4133\/revisions"}],"predecessor-version":[{"id":4134,"href":"https:\/\/valgehobuse.ee\/ru\/wp-json\/wp\/v2\/pages\/4133\/revisions\/4134"}],"wp:attachment":[{"href":"https:\/\/valgehobuse.ee\/ru\/wp-json\/wp\/v2\/media?parent=4133"}],"curies":[{"name":"wp","href":"https:\/\/api.w.org\/{rel}","templated":true}]}}