{"id":4128,"date":"2025-10-15T12:24:36","date_gmt":"2025-10-15T12:24:36","guid":{"rendered":"https:\/\/valgehobuse.ee\/kkk\/"},"modified":"2026-01-13T13:35:04","modified_gmt":"2026-01-13T13:35:04","slug":"kkk","status":"publish","type":"page","link":"https:\/\/valgehobuse.ee\/ru\/kkk\/","title":{"rendered":"KKK"},"content":{"rendered":"<div class=\"fusion-fullwidth fullwidth-box fusion-builder-row-1 fusion-flex-container has-pattern-background has-mask-background nonhundred-percent-fullwidth non-hundred-percent-height-scrolling\" style=\"--awb-border-radius-top-left:0px;--awb-border-radius-top-right:0px;--awb-border-radius-bottom-right:0px;--awb-border-radius-bottom-left:0px;--awb-flex-wrap:wrap;\" ><div class=\"fusion-builder-row fusion-row fusion-flex-align-items-flex-start fusion-flex-content-wrap\" style=\"max-width:1393.6px;margin-left: calc(-4% \/ 2 );margin-right: calc(-4% \/ 2 );\"><div class=\"fusion-layout-column fusion_builder_column fusion-builder-column-0 fusion_builder_column_1_1 1_1 fusion-flex-column\" style=\"--awb-bg-size:cover;--awb-width-large:100%;--awb-margin-top-large:0px;--awb-spacing-right-large:1.92%;--awb-margin-bottom-large:20px;--awb-spacing-left-large:1.92%;--awb-width-medium:100%;--awb-order-medium:0;--awb-spacing-right-medium:1.92%;--awb-spacing-left-medium:1.92%;--awb-width-small:100%;--awb-order-small:0;--awb-spacing-right-small:1.92%;--awb-spacing-left-small:1.92%;\"><div class=\"fusion-column-wrapper fusion-column-has-shadow fusion-flex-justify-content-flex-start fusion-content-layout-column\"><div class=\"accordian fusion-accordian\" style=\"--awb-border-size:1px;--awb-icon-size:16px;--awb-content-font-size:var(--awb-typography4-font-size);--awb-icon-alignment:left;--awb-hover-color:var(--awb-color2);--awb-border-color:hsla(var(--awb-color8-h),var(--awb-color8-s),calc( var(--awb-color8-l) + 76% ),var(--awb-color8-a));--awb-background-color:var(--awb-color1);--awb-divider-color:var(--awb-color6);--awb-divider-hover-color:var(--awb-color6);--awb-icon-color:var(--awb-color1);--awb-title-color:var(--awb-color8);--awb-content-color:var(--awb-color8);--awb-icon-box-color:var(--awb-color8);--awb-toggle-hover-accent-color:var(--awb-color4);--awb-title-font-family:var(--awb-typography1-font-family);--awb-title-font-weight:var(--awb-typography1-font-weight);--awb-title-font-style:var(--awb-typography1-font-style);--awb-title-font-size:18px;--awb-content-font-family:var(--awb-typography4-font-family);--awb-content-font-weight:var(--awb-typography4-font-weight);--awb-content-font-style:var(--awb-typography4-font-style);\"><div class=\"panel-group fusion-toggle-icon-boxed\" id=\"accordion-4128-1\"><div class=\"fusion-panel panel-default panel-4aa9137230b1dfc16 fusion-toggle-has-divider\"><div class=\"panel-heading\"><h4 class=\"panel-title toggle\" id=\"toggle_4aa9137230b1dfc16\"><a aria-expanded=\"false\" aria-controls=\"4aa9137230b1dfc16\" role=\"button\" data-toggle=\"collapse\" data-parent=\"#accordion-4128-1\" data-target=\"#4aa9137230b1dfc16\" href=\"#4aa9137230b1dfc16\"><span class=\"fusion-toggle-icon-wrapper\" aria-hidden=\"true\"><i class=\"fa-fusion-box active-icon awb-icon-minus\" aria-hidden=\"true\"><\/i><i class=\"fa-fusion-box inactive-icon awb-icon-plus\" aria-hidden=\"true\"><\/i><\/span><span class=\"fusion-toggle-heading\">Mis on Valgehobusem\u00e4e suusa- ja puhkekeskus?<\/span><\/a><\/h4><\/div><div id=\"4aa9137230b1dfc16\" class=\"panel-collapse collapse \" aria-labelledby=\"toggle_4aa9137230b1dfc16\"><div class=\"panel-body toggle-content fusion-clearfix\">Valgehobusem\u00e4e on aastaringne vabaajakeskus, kus saab suusatada, lumelauaga ja m\u00e4esuusaga s\u00f5ita, tuubiga m\u00e4est alla liuelda, ujuda, joosta, matkata, jalgrattaga s\u00f5ita, telkida, magada ja s\u00fc\u00fca maitsvaid roogasid ning nautida loodust ning teisi erinevaid aktiviteete. Keskus sobib nii peredele, sportlastele kui ka seltskondadele.<\/div><\/div><\/div><div class=\"fusion-panel panel-default panel-baf9231e3a4cecd5f fusion-toggle-has-divider\"><div class=\"panel-heading\"><h4 class=\"panel-title toggle\" id=\"toggle_baf9231e3a4cecd5f\"><a aria-expanded=\"false\" aria-controls=\"baf9231e3a4cecd5f\" role=\"button\" data-toggle=\"collapse\" data-parent=\"#accordion-4128-1\" data-target=\"#baf9231e3a4cecd5f\" href=\"#baf9231e3a4cecd5f\"><span class=\"fusion-toggle-icon-wrapper\" aria-hidden=\"true\"><i class=\"fa-fusion-box active-icon awb-icon-minus\" aria-hidden=\"true\"><\/i><i class=\"fa-fusion-box inactive-icon awb-icon-plus\" aria-hidden=\"true\"><\/i><\/span><span class=\"fusion-toggle-heading\">Kus Valgehobusem\u00e4e asub ja kuidas meid leida?<\/span><\/a><\/h4><\/div><div id=\"baf9231e3a4cecd5f\" class=\"panel-collapse collapse \" aria-labelledby=\"toggle_baf9231e3a4cecd5f\"><div class=\"panel-body toggle-content fusion-clearfix\">Meid on v\u00e4ga lihtne leida Google Mapsis v\u00f5i Waze\u2019is \u2013 lihtsalt otsi \u201cValgehobusem\u00e4e suusa- ja puhkekeskus\u201d.<br \/>\nAadress: M\u00e4gede k\u00fcla, Valgehobusem\u00e4gi, J\u00e4rva vald, J\u00e4rvamaa.<br \/>\nParkimine on tasuta ja asub keskuse vahetus l\u00e4heduses.<\/div><\/div><\/div><div class=\"fusion-panel panel-default panel-4c09e27d95b8926c0 fusion-toggle-has-divider\"><div class=\"panel-heading\"><h4 class=\"panel-title toggle\" id=\"toggle_4c09e27d95b8926c0\"><a aria-expanded=\"false\" aria-controls=\"4c09e27d95b8926c0\" role=\"button\" data-toggle=\"collapse\" data-parent=\"#accordion-4128-1\" data-target=\"#4c09e27d95b8926c0\" href=\"#4c09e27d95b8926c0\"><span class=\"fusion-toggle-icon-wrapper\" aria-hidden=\"true\"><i class=\"fa-fusion-box active-icon awb-icon-minus\" aria-hidden=\"true\"><\/i><i class=\"fa-fusion-box inactive-icon awb-icon-plus\" aria-hidden=\"true\"><\/i><\/span><span class=\"fusion-toggle-heading\"> Kas olete avatud ka p\u00fchade ja riigip\u00fchade ajal?<\/span><\/a><\/h4><\/div><div id=\"4c09e27d95b8926c0\" class=\"panel-collapse collapse \" aria-labelledby=\"toggle_4c09e27d95b8926c0\"><div class=\"panel-body toggle-content fusion-clearfix\">Jah! Meie keskus on avatud aastaringselt, kaasa arvatud Vabariigi aastap\u00e4eval, j\u00f5ulup\u00fchadel, puhkep\u00e4evadel ja teistel pidup\u00e4evadel. T\u00e4psemad lahtiolekuajad s\u00f5ltuvad hooajast ja ilmast, seega soovitame enne tulekut kontrollida kodulehelt v\u00f5i Facebookist.<\/div><\/div><\/div><div class=\"fusion-panel panel-default panel-8f9e5fd9ff5362a06 fusion-toggle-has-divider\"><div class=\"panel-heading\"><h4 class=\"panel-title toggle\" id=\"toggle_8f9e5fd9ff5362a06\"><a aria-expanded=\"false\" aria-controls=\"8f9e5fd9ff5362a06\" role=\"button\" data-toggle=\"collapse\" data-parent=\"#accordion-4128-1\" data-target=\"#8f9e5fd9ff5362a06\" href=\"#8f9e5fd9ff5362a06\"><span class=\"fusion-toggle-icon-wrapper\" aria-hidden=\"true\"><i class=\"fa-fusion-box active-icon awb-icon-minus\" aria-hidden=\"true\"><\/i><i class=\"fa-fusion-box inactive-icon awb-icon-plus\" aria-hidden=\"true\"><\/i><\/span><span class=\"fusion-toggle-heading\">Kas keskuses saab varustust rentida?<\/span><\/a><\/h4><\/div><div id=\"8f9e5fd9ff5362a06\" class=\"panel-collapse collapse \" aria-labelledby=\"toggle_8f9e5fd9ff5362a06\"><div class=\"panel-body toggle-content fusion-clearfix\">Jah, meil on m\u00e4esuusavarustuse, murdmaasuusavarustuse, lumelauavarustuse, uiskude, jalgrataste, segwayde, discgolfi ketaste, SUP-laudade, rent.<br \/>\nTalveriideid (nt kombinesoone) me ei rendi.<br \/>\nK\u00f5ik rentimistingimused ja hinnad on n\u00e4htavad keskuse hinnakirjas.<\/div><\/div><\/div><div class=\"fusion-panel panel-default panel-6c437c3326fba2fac fusion-toggle-has-divider\"><div class=\"panel-heading\"><h4 class=\"panel-title toggle\" id=\"toggle_6c437c3326fba2fac\"><a aria-expanded=\"false\" aria-controls=\"6c437c3326fba2fac\" role=\"button\" data-toggle=\"collapse\" data-parent=\"#accordion-4128-1\" data-target=\"#6c437c3326fba2fac\" href=\"#6c437c3326fba2fac\"><span class=\"fusion-toggle-icon-wrapper\" aria-hidden=\"true\"><i class=\"fa-fusion-box active-icon awb-icon-minus\" aria-hidden=\"true\"><\/i><i class=\"fa-fusion-box inactive-icon awb-icon-plus\" aria-hidden=\"true\"><\/i><\/span><span class=\"fusion-toggle-heading\">Millised rajad on saadaval?<\/span><\/a><\/h4><\/div><div id=\"6c437c3326fba2fac\" class=\"panel-collapse collapse \" aria-labelledby=\"toggle_6c437c3326fba2fac\"><div class=\"panel-body toggle-content fusion-clearfix\">\n<p>Talvel on avatud ja meie hooldada:<\/p>\n<ul>\n<li>valgustatud <b>2 km suusarada<\/b> ja pikemad 3 km ning 5 km rajad ning rajad kuni Presidendirajani (8 km)<\/li>\n<li><b>m\u00e4esuusa- ja lumelaua<\/b> n\u00f5lv ning kolm krossirada koos t\u00f5stukiga, ning populaarne <b>tuubirada<\/b>.<br \/>\n  Suvel saab kasutada matka- ja jalgrattateid ning k\u00fclastada Valgehobusem\u00e4e vaatetorni (25 m).<\/li>\n<\/ul>\n<\/div><\/div><\/div><div class=\"fusion-panel panel-default panel-2dca6a023a5e559cd fusion-toggle-has-divider\"><div class=\"panel-heading\"><h4 class=\"panel-title toggle\" id=\"toggle_2dca6a023a5e559cd\"><a aria-expanded=\"false\" aria-controls=\"2dca6a023a5e559cd\" role=\"button\" data-toggle=\"collapse\" data-parent=\"#accordion-4128-1\" data-target=\"#2dca6a023a5e559cd\" href=\"#2dca6a023a5e559cd\"><span class=\"fusion-toggle-icon-wrapper\" aria-hidden=\"true\"><i class=\"fa-fusion-box active-icon awb-icon-minus\" aria-hidden=\"true\"><\/i><i class=\"fa-fusion-box inactive-icon awb-icon-plus\" aria-hidden=\"true\"><\/i><\/span><span class=\"fusion-toggle-heading\">Kas keskuses on majutusv\u00f5imalused?<\/span><\/a><\/h4><\/div><div id=\"2dca6a023a5e559cd\" class=\"panel-collapse collapse \" aria-labelledby=\"toggle_2dca6a023a5e559cd\"><div class=\"panel-body toggle-content fusion-clearfix\">Jah \u2014 meil on hostel ja puhkemaja kokku \u00fcle 60 majutuskoha.<br \/>\nToad on enamuses 2-4 kohalised ning vajadusel saab paigutada juurde lisavoodeid.<br \/>\nBroneerimiseks v\u00f5ta \u00fchendust e-posti v\u00f5i telefoni teel, kontaktid on kodulehel.<\/div><\/div><\/div><div class=\"fusion-panel panel-default panel-ae77d9857e89949ba fusion-toggle-has-divider\"><div class=\"panel-heading\"><h4 class=\"panel-title toggle\" id=\"toggle_ae77d9857e89949ba\"><a aria-expanded=\"false\" aria-controls=\"ae77d9857e89949ba\" role=\"button\" data-toggle=\"collapse\" data-parent=\"#accordion-4128-1\" data-target=\"#ae77d9857e89949ba\" href=\"#ae77d9857e89949ba\"><span class=\"fusion-toggle-icon-wrapper\" aria-hidden=\"true\"><i class=\"fa-fusion-box active-icon awb-icon-minus\" aria-hidden=\"true\"><\/i><i class=\"fa-fusion-box inactive-icon awb-icon-plus\" aria-hidden=\"true\"><\/i><\/span><span class=\"fusion-toggle-heading\">Kas kohapeal on s\u00f6\u00f6gikoht v\u00f5i kohvik?<\/span><\/a><\/h4><\/div><div id=\"ae77d9857e89949ba\" class=\"panel-collapse collapse \" aria-labelledby=\"toggle_ae77d9857e89949ba\"><div class=\"panel-body toggle-content fusion-clearfix\">Jah \u2014 keskuses t\u00f6\u00f6tab kohvik, kust saab sooja toitu, jooke ja suupisteid.<br \/>\nGrupid saavad soovi korral tellida toitlustuse ette.<br \/>\nSaunad, t\u00fcnnisaun ja pesemisv\u00f5imalused on samuti olemas.<\/div><\/div><\/div><div class=\"fusion-panel panel-default panel-39b660a839069415a fusion-toggle-has-divider\"><div class=\"panel-heading\"><h4 class=\"panel-title toggle\" id=\"toggle_39b660a839069415a\"><a aria-expanded=\"false\" aria-controls=\"39b660a839069415a\" role=\"button\" data-toggle=\"collapse\" data-parent=\"#accordion-4128-1\" data-target=\"#39b660a839069415a\" href=\"#39b660a839069415a\"><span class=\"fusion-toggle-icon-wrapper\" aria-hidden=\"true\"><i class=\"fa-fusion-box active-icon awb-icon-minus\" aria-hidden=\"true\"><\/i><i class=\"fa-fusion-box inactive-icon awb-icon-plus\" aria-hidden=\"true\"><\/i><\/span><span class=\"fusion-toggle-heading\">Kas Valgehobusem\u00e4ele saab tulla lastega?<\/span><\/a><\/h4><\/div><div id=\"39b660a839069415a\" class=\"panel-collapse collapse \" aria-labelledby=\"toggle_39b660a839069415a\"><div class=\"panel-body toggle-content fusion-clearfix\">Kindlasti! Keskus on peres\u00f5bralik, olemas on laste kelgu- ja m\u00e4nguala ning tuubirada. V\u00e4ikestele lastele  kehtib sooduspilet v\u00f5i tasuta p\u00e4\u00e4se vastavalt hinnakirjale.<\/div><\/div><\/div><div class=\"fusion-panel panel-default panel-6d10f7da125d81595 fusion-toggle-has-divider\"><div class=\"panel-heading\"><h4 class=\"panel-title toggle\" id=\"toggle_6d10f7da125d81595\"><a aria-expanded=\"false\" aria-controls=\"6d10f7da125d81595\" role=\"button\" data-toggle=\"collapse\" data-parent=\"#accordion-4128-1\" data-target=\"#6d10f7da125d81595\" href=\"#6d10f7da125d81595\"><span class=\"fusion-toggle-icon-wrapper\" aria-hidden=\"true\"><i class=\"fa-fusion-box active-icon awb-icon-minus\" aria-hidden=\"true\"><\/i><i class=\"fa-fusion-box inactive-icon awb-icon-plus\" aria-hidden=\"true\"><\/i><\/span><span class=\"fusion-toggle-heading\">Kas Valgehobusem\u00e4el on kunstlumi ja valgustus?<\/span><\/a><\/h4><\/div><div id=\"6d10f7da125d81595\" class=\"panel-collapse collapse \" aria-labelledby=\"toggle_6d10f7da125d81595\"><div class=\"panel-body toggle-content fusion-clearfix\">Jah \u2014  toodame kunstlund, et tagada suusaradade ja m\u00e4e hea kvaliteet. Meil on 4 lumekahurit  2 km suusarada on valgustatud, nii et saab sportida ka pimedal ajal.<\/div><\/div><\/div><div class=\"fusion-panel panel-default panel-41e2ff82e3c413bec fusion-toggle-has-divider\"><div class=\"panel-heading\"><h4 class=\"panel-title toggle\" id=\"toggle_41e2ff82e3c413bec\"><a aria-expanded=\"false\" aria-controls=\"41e2ff82e3c413bec\" role=\"button\" data-toggle=\"collapse\" data-parent=\"#accordion-4128-1\" data-target=\"#41e2ff82e3c413bec\" href=\"#41e2ff82e3c413bec\"><span class=\"fusion-toggle-icon-wrapper\" aria-hidden=\"true\"><i class=\"fa-fusion-box active-icon awb-icon-minus\" aria-hidden=\"true\"><\/i><i class=\"fa-fusion-box inactive-icon awb-icon-plus\" aria-hidden=\"true\"><\/i><\/span><span class=\"fusion-toggle-heading\">Kas pakute grupi\u00fcrituste v\u00f5i s\u00fcnnip\u00e4evade korraldust?<\/span><\/a><\/h4><\/div><div id=\"41e2ff82e3c413bec\" class=\"panel-collapse collapse \" aria-labelledby=\"toggle_41e2ff82e3c413bec\"><div class=\"panel-body toggle-content fusion-clearfix\">Jah, saab broneerida meeskonna\u00fcritusi,  spordilaagreid, koolip\u00e4evi, s\u00fcnnip\u00e4evi ja v\u00f5istlusi.<br \/>\nBroneerimine toimub e-posti v\u00f5i telefoni teel \u2014 kontaktid on kodulehel.<\/div><\/div><\/div><div class=\"fusion-panel panel-default panel-7c7bf28f34c476ad6 fusion-toggle-has-divider\"><div class=\"panel-heading\"><h4 class=\"panel-title toggle\" id=\"toggle_7c7bf28f34c476ad6\"><a aria-expanded=\"false\" aria-controls=\"7c7bf28f34c476ad6\" role=\"button\" data-toggle=\"collapse\" data-parent=\"#accordion-4128-1\" data-target=\"#7c7bf28f34c476ad6\" href=\"#7c7bf28f34c476ad6\"><span class=\"fusion-toggle-icon-wrapper\" aria-hidden=\"true\"><i class=\"fa-fusion-box active-icon awb-icon-minus\" aria-hidden=\"true\"><\/i><i class=\"fa-fusion-box inactive-icon awb-icon-plus\" aria-hidden=\"true\"><\/i><\/span><span class=\"fusion-toggle-heading\">Kust leian infot radade ja ilmastiku kohta?<\/span><\/a><\/h4><\/div><div id=\"7c7bf28f34c476ad6\" class=\"panel-collapse collapse \" aria-labelledby=\"toggle_7c7bf28f34c476ad6\"><div class=\"panel-body toggle-content fusion-clearfix\">V\u00e4rske rajainfo ja ilmaolud avaldame regulaarselt Facebookis ja kodulehe esilehel ja Eesti Terviserajad veebilehel.<br \/>\nSeal on kirjas, millised rajad ja t\u00f5stukid on parasjagu avatud.<\/div><\/div><\/div><div class=\"fusion-panel panel-default panel-f5e9cc9b8e8ea7177 fusion-toggle-has-divider\"><div class=\"panel-heading\"><h4 class=\"panel-title toggle\" id=\"toggle_f5e9cc9b8e8ea7177\"><a aria-expanded=\"false\" aria-controls=\"f5e9cc9b8e8ea7177\" role=\"button\" data-toggle=\"collapse\" data-parent=\"#accordion-4128-1\" data-target=\"#f5e9cc9b8e8ea7177\" href=\"#f5e9cc9b8e8ea7177\"><span class=\"fusion-toggle-icon-wrapper\" aria-hidden=\"true\"><i class=\"fa-fusion-box active-icon awb-icon-minus\" aria-hidden=\"true\"><\/i><i class=\"fa-fusion-box inactive-icon awb-icon-plus\" aria-hidden=\"true\"><\/i><\/span><span class=\"fusion-toggle-heading\">Kas Valgehobusem\u00e4el saab kasutada oma suusavarustust?<\/span><\/a><\/h4><\/div><div id=\"f5e9cc9b8e8ea7177\" class=\"panel-collapse collapse \" aria-labelledby=\"toggle_f5e9cc9b8e8ea7177\"><div class=\"panel-body toggle-content fusion-clearfix\">\n<p><span style=\"font-family: Times New Roman, serif;\"><span style=\"font-size: medium;\">Jah, muidugi. Oma varustuse kasutamine on lubatud ja soovitatav.<br \/>Kui vajad hooldust v\u00f5i seadistamist, saab abi keskuse varustuse rendist <\/span><\/span><\/p>\n<\/div><\/div><\/div><div class=\"fusion-panel panel-default panel-e70a736edae571b68 fusion-toggle-has-divider\"><div class=\"panel-heading\"><h4 class=\"panel-title toggle\" id=\"toggle_e70a736edae571b68\"><a aria-expanded=\"false\" aria-controls=\"e70a736edae571b68\" role=\"button\" data-toggle=\"collapse\" data-parent=\"#accordion-4128-1\" data-target=\"#e70a736edae571b68\" href=\"#e70a736edae571b68\"><span class=\"fusion-toggle-icon-wrapper\" aria-hidden=\"true\"><i class=\"fa-fusion-box active-icon awb-icon-minus\" aria-hidden=\"true\"><\/i><i class=\"fa-fusion-box inactive-icon awb-icon-plus\" aria-hidden=\"true\"><\/i><\/span><span class=\"fusion-toggle-heading\"> Millal m\u00e4gi avatakse?<\/span><\/a><\/h4><\/div><div id=\"e70a736edae571b68\" class=\"panel-collapse collapse \" aria-labelledby=\"toggle_e70a736edae571b68\"><div class=\"panel-body toggle-content fusion-clearfix\">M\u00e4gi avatakse siis, kui oleme saanud toota kunstlund ning temperatuur p\u00fcsib \u00f6\u00f6p\u00e4evaringselt -5 \u20138 \u00b0C juures.<\/div><\/div><\/div><\/div><\/div><\/div><\/div><\/div><\/div>\n","protected":false},"excerpt":{"rendered":"","protected":false},"author":1,"featured_media":0,"parent":0,"menu_order":0,"comment_status":"closed","ping_status":"closed","template":"","meta":{"inline_featured_image":false,"footnotes":""},"class_list":["post-4128","page","type-page","status-publish","hentry"],"yoast_head":"<!-- This site is optimized with the Yoast SEO plugin v26.7 - https:\/\/yoast.com\/wordpress\/plugins\/seo\/ -->\n<title>KKK - Valgehobuse suusa- ja puhkekeskus<\/title>\n<meta name=\"robots\" content=\"index, follow, max-snippet:-1, max-image-preview:large, max-video-preview:-1\" \/>\n<link rel=\"canonical\" href=\"https:\/\/valgehobuse.ee\/ru\/kkk\/\" \/>\n<meta property=\"og:locale\" content=\"ru_RU\" \/>\n<meta property=\"og:type\" content=\"article\" \/>\n<meta property=\"og:title\" content=\"KKK - Valgehobuse suusa- ja puhkekeskus\" \/>\n<meta property=\"og:url\" content=\"https:\/\/valgehobuse.ee\/ru\/kkk\/\" \/>\n<meta property=\"og:site_name\" content=\"Valgehobuse suusa- ja puhkekeskus\" \/>\n<meta property=\"article:modified_time\" content=\"2026-01-13T13:35:04+00:00\" \/>\n<meta name=\"twitter:card\" content=\"summary_large_image\" \/>\n<meta name=\"twitter:label1\" content=\"\u041f\u0440\u0438\u043c\u0435\u0440\u043d\u043e\u0435 \u0432\u0440\u0435\u043c\u044f \u0434\u043b\u044f \u0447\u0442\u0435\u043d\u0438\u044f\" \/>\n\t<meta name=\"twitter:data1\" content=\"6 \u043c\u0438\u043d\u0443\u0442\" \/>\n<script type=\"application\/ld+json\" class=\"yoast-schema-graph\">{\"@context\":\"https:\/\/schema.org\",\"@graph\":[{\"@type\":\"WebPage\",\"@id\":\"https:\/\/valgehobuse.ee\/ru\/kkk\/\",\"url\":\"https:\/\/valgehobuse.ee\/ru\/kkk\/\",\"name\":\"KKK - Valgehobuse suusa- ja puhkekeskus\",\"isPartOf\":{\"@id\":\"https:\/\/valgehobuse.ee\/ru\/#website\"},\"datePublished\":\"2025-10-15T12:24:36+00:00\",\"dateModified\":\"2026-01-13T13:35:04+00:00\",\"breadcrumb\":{\"@id\":\"https:\/\/valgehobuse.ee\/ru\/kkk\/#breadcrumb\"},\"inLanguage\":\"ru-RU\",\"potentialAction\":[{\"@type\":\"ReadAction\",\"target\":[\"https:\/\/valgehobuse.ee\/ru\/kkk\/\"]}]},{\"@type\":\"BreadcrumbList\",\"@id\":\"https:\/\/valgehobuse.ee\/ru\/kkk\/#breadcrumb\",\"itemListElement\":[{\"@type\":\"ListItem\",\"position\":1,\"name\":\"Home\",\"item\":\"https:\/\/valgehobuse.ee\/ru\/\"},{\"@type\":\"ListItem\",\"position\":2,\"name\":\"KKK\"}]},{\"@type\":\"WebSite\",\"@id\":\"https:\/\/valgehobuse.ee\/ru\/#website\",\"url\":\"https:\/\/valgehobuse.ee\/ru\/\",\"name\":\"Valgehobuse suusa- ja puhkekeskus\",\"description\":\"Kaunis loodus puhkamiseks igal aastaajal\",\"potentialAction\":[{\"@type\":\"SearchAction\",\"target\":{\"@type\":\"EntryPoint\",\"urlTemplate\":\"https:\/\/valgehobuse.ee\/ru\/?s={search_term_string}\"},\"query-input\":{\"@type\":\"PropertyValueSpecification\",\"valueRequired\":true,\"valueName\":\"search_term_string\"}}],\"inLanguage\":\"ru-RU\"}]}<\/script>\n<!-- \/ Yoast SEO plugin. -->","yoast_head_json":{"title":"KKK - Valgehobuse suusa- ja puhkekeskus","robots":{"index":"index","follow":"follow","max-snippet":"max-snippet:-1","max-image-preview":"max-image-preview:large","max-video-preview":"max-video-preview:-1"},"canonical":"https:\/\/valgehobuse.ee\/ru\/kkk\/","og_locale":"ru_RU","og_type":"article","og_title":"KKK - Valgehobuse suusa- ja puhkekeskus","og_url":"https:\/\/valgehobuse.ee\/ru\/kkk\/","og_site_name":"Valgehobuse suusa- ja puhkekeskus","article_modified_time":"2026-01-13T13:35:04+00:00","twitter_card":"summary_large_image","twitter_misc":{"\u041f\u0440\u0438\u043c\u0435\u0440\u043d\u043e\u0435 \u0432\u0440\u0435\u043c\u044f \u0434\u043b\u044f \u0447\u0442\u0435\u043d\u0438\u044f":"6 \u043c\u0438\u043d\u0443\u0442"},"schema":{"@context":"https:\/\/schema.org","@graph":[{"@type":"WebPage","@id":"https:\/\/valgehobuse.ee\/ru\/kkk\/","url":"https:\/\/valgehobuse.ee\/ru\/kkk\/","name":"KKK - Valgehobuse suusa- ja puhkekeskus","isPartOf":{"@id":"https:\/\/valgehobuse.ee\/ru\/#website"},"datePublished":"2025-10-15T12:24:36+00:00","dateModified":"2026-01-13T13:35:04+00:00","breadcrumb":{"@id":"https:\/\/valgehobuse.ee\/ru\/kkk\/#breadcrumb"},"inLanguage":"ru-RU","potentialAction":[{"@type":"ReadAction","target":["https:\/\/valgehobuse.ee\/ru\/kkk\/"]}]},{"@type":"BreadcrumbList","@id":"https:\/\/valgehobuse.ee\/ru\/kkk\/#breadcrumb","itemListElement":[{"@type":"ListItem","position":1,"name":"Home","item":"https:\/\/valgehobuse.ee\/ru\/"},{"@type":"ListItem","position":2,"name":"KKK"}]},{"@type":"WebSite","@id":"https:\/\/valgehobuse.ee\/ru\/#website","url":"https:\/\/valgehobuse.ee\/ru\/","name":"Valgehobuse suusa- ja puhkekeskus","description":"Kaunis loodus puhkamiseks igal aastaajal","potentialAction":[{"@type":"SearchAction","target":{"@type":"EntryPoint","urlTemplate":"https:\/\/valgehobuse.ee\/ru\/?s={search_term_string}"},"query-input":{"@type":"PropertyValueSpecification","valueRequired":true,"valueName":"search_term_string"}}],"inLanguage":"ru-RU"}]}},"_links":{"self":[{"href":"https:\/\/valgehobuse.ee\/ru\/wp-json\/wp\/v2\/pages\/4128","targetHints":{"allow":["GET"]}}],"collection":[{"href":"https:\/\/valgehobuse.ee\/ru\/wp-json\/wp\/v2\/pages"}],"about":[{"href":"https:\/\/valgehobuse.ee\/ru\/wp-json\/wp\/v2\/types\/page"}],"author":[{"embeddable":true,"href":"https:\/\/valgehobuse.ee\/ru\/wp-json\/wp\/v2\/users\/1"}],"replies":[{"embeddable":true,"href":"https:\/\/valgehobuse.ee\/ru\/wp-json\/wp\/v2\/comments?post=4128"}],"version-history":[{"count":1,"href":"https:\/\/valgehobuse.ee\/ru\/wp-json\/wp\/v2\/pages\/4128\/revisions"}],"predecessor-version":[{"id":4129,"href":"https:\/\/valgehobuse.ee\/ru\/wp-json\/wp\/v2\/pages\/4128\/revisions\/4129"}],"wp:attachment":[{"href":"https:\/\/valgehobuse.ee\/ru\/wp-json\/wp\/v2\/media?parent=4128"}],"curies":[{"name":"wp","href":"https:\/\/api.w.org\/{rel}","templated":true}]}}