{"id":3561,"date":"2025-07-14T11:30:14","date_gmt":"2025-07-14T11:30:14","guid":{"rendered":"https:\/\/valgehobuse.ee\/matkad\/"},"modified":"2025-09-30T08:15:10","modified_gmt":"2025-09-30T08:15:10","slug":"hiking","status":"publish","type":"page","link":"https:\/\/valgehobuse.ee\/en\/hiking\/","title":{"rendered":"Hiking"},"content":{"rendered":"<div class=\"fusion-fullwidth fullwidth-box fusion-builder-row-1 fusion-flex-container nonhundred-percent-fullwidth non-hundred-percent-height-scrolling\" style=\"--awb-border-radius-top-left:0px;--awb-border-radius-top-right:0px;--awb-border-radius-bottom-right:0px;--awb-border-radius-bottom-left:0px;--awb-flex-wrap:wrap;\" ><div class=\"fusion-builder-row fusion-row fusion-flex-align-items-flex-start fusion-flex-content-wrap\" style=\"max-width:1393.6px;margin-left: calc(-4% \/ 2 );margin-right: calc(-4% \/ 2 );\"><div class=\"fusion-layout-column fusion_builder_column fusion-builder-column-0 fusion_builder_column_1_1 1_1 fusion-flex-column\" style=\"--awb-bg-size:cover;--awb-width-large:100%;--awb-margin-top-large:0px;--awb-spacing-right-large:1.92%;--awb-margin-bottom-large:0px;--awb-spacing-left-large:1.92%;--awb-width-medium:100%;--awb-spacing-right-medium:1.92%;--awb-spacing-left-medium:1.92%;--awb-width-small:100%;--awb-spacing-right-small:1.92%;--awb-spacing-left-small:1.92%;\"><div class=\"fusion-column-wrapper fusion-flex-justify-content-flex-start fusion-content-layout-column\"><div class=\"fusion-text fusion-text-1\"><p><b>The centre&#8217;s hiking guides organise tours to Rehesaare glacial boulder, the mystical M\u00e4gede hill and to Kakerdaja bog and lake.<\/b><\/p><\/p>\n<\/div><div class=\"fusion-content-boxes content-boxes columns row fusion-columns-2 fusion-columns-total-4 fusion-content-boxes-1 content-boxes-icon-on-top content-left has-flex-alignment fusion-delayed-animation\" style=\"--awb-backgroundcolor:#faf7ff;--awb-border-radius-top-left:6px;--awb-border-radius-top-right:6px;--awb-border-radius-bottom-right:6px;--awb-border-radius-bottom-left:6px;--awb-alignment:stretch;--awb-body-color:var(--awb-color4);--awb-title-color:var(--awb-color4);--awb-iconcolor:#593e84;--awb-hover-accent-color:rgba(42,29,62,1);--awb-circle-hover-accent-color:transparent;--awb-box-shadow:7px 7px 0px 0px var(--awb-color8);;\" data-animation-delay=\"300\" data-animationOffset=\"top-into-view\"><div style=\"--awb-backgroundcolor:#faf7ff;--awb-iconcolor:#593e84;\" class=\"fusion-column content-box-column content-box-column content-box-column-1 col-lg-6 col-md-6 col-sm-6 fusion-content-box-hover content-box-column-first-in-row\"><div class=\"col content-box-wrapper content-wrapper-background link-area-link-icon link-type-text content-icon-wrapper-yes icon-hover-animation-fade\" data-animationOffset=\"top-into-view\"><div class=\"heading heading-with-icon icon-left\"><a class=\"heading-link\" href=\"https:\/\/valgehobuse.ee\/wp-content\/uploads\/2025\/07\/3-ja-5-km-rada-2008dets.pdf\" target=\"_blank\" rel=\"noopener noreferrer\"><div class=\"icon\" style=\"-webkit-animation-duration: 300ms;animation-duration: 300ms;\"><span ><i style=\"background-color:transparent;border-color:transparent;height:auto;width: 36px;line-height:normal;font-size:36px;\" aria-hidden=\"true\" class=\"fontawesome-icon icon-basic-security circle-no\"><\/i><\/span><\/div><h2 class=\"content-box-heading fusion-responsive-typography-calculated\" style=\"--h2_typography-font-size:24px;--fontSize:24;line-height:var(--awb-typography1-line-height);\">Kalevipoeg Trail<\/h2><\/a><\/div><div class=\"fusion-clearfix\"><\/div><div class=\"content-container\">Trails next to the visitor centre are signposted<\/p>\n<p><span style=\"font-family: var(--body_typography-font-family); font-size: var(--body_typography-font-size); font-style: var(--body_typography-font-style,normal); letter-spacing: var(--body_typography-letter-spacing);\">Perfect for Nordic walking<\/span><\/p>\n<p><span style=\"font-family: var(--body_typography-font-family); font-size: var(--body_typography-font-size); font-style: var(--body_typography-font-style,normal); letter-spacing: var(--body_typography-letter-spacing);\">Average loop: 3km (about 40 min) and 5km (about 1h)<\/span><\/p>\n<p>Price by agreement!<\/div><div class=\"fusion-clearfix\"><\/div><a class=\" fusion-read-more\" href=\"https:\/\/valgehobuse.ee\/wp-content\/uploads\/2025\/07\/3-ja-5-km-rada-2008dets.pdf\" target=\"_blank\" rel=\"noopener noreferrer\">See the map<\/a><div class=\"fusion-clearfix\"><\/div><\/div><\/div><div style=\"--awb-backgroundcolor:#faf7ff;--awb-iconcolor:#593e84;\" class=\"fusion-column content-box-column content-box-column content-box-column-2 col-lg-6 col-md-6 col-sm-6 fusion-content-box-hover content-box-column-last-in-row\"><div class=\"col content-box-wrapper content-wrapper-background link-area-link-icon content-icon-wrapper-yes icon-hover-animation-fade\" data-animationOffset=\"top-into-view\"><div class=\"heading heading-with-icon icon-left\"><div class=\"icon\" style=\"-webkit-animation-duration: 300ms;animation-duration: 300ms;\"><span ><i style=\"background-color:transparent;border-color:transparent;height:auto;width: 36px;line-height:normal;font-size:36px;\" aria-hidden=\"true\" class=\"fontawesome-icon icon-basic-cart circle-no\"><\/i><\/span><\/div><h2 class=\"content-box-heading fusion-responsive-typography-calculated\" style=\"--h2_typography-font-size:24px;--fontSize:24;line-height:var(--awb-typography1-line-height);\">K\u00f5rvemaa connected Trail<\/h2><\/div><div class=\"fusion-clearfix\"><\/div><div class=\"content-container\">\n<p>Total length: 65km<br \/>Possible to visit J\u00e4neda, Aegviidu, Nelij\u00e4rve and K\u00f5rve hiking &amp; ski centres<br \/>Accessible on foot or by mountain bike<br \/>Depending on starting point: round trip 22km-44km<br \/>Approximate duration: 1-6 hours<br \/>Guided trail: 11,5km<br \/>Price by agreement!<\/p>\n<\/div><\/div><\/div><div style=\"--awb-backgroundcolor:#faf7ff;--awb-iconcolor:#593e84;\" class=\"fusion-column content-box-column content-box-column content-box-column-3 col-lg-6 col-md-6 col-sm-6 fusion-content-box-hover content-box-column-first-in-row\"><div class=\"col content-box-wrapper content-wrapper-background link-area-link-icon link-type-text content-icon-wrapper-yes icon-hover-animation-fade\" data-animationOffset=\"top-into-view\"><div class=\"heading heading-with-icon icon-left\"><a class=\"heading-link\" href=\"https:\/\/valgehobuse.ee\/wp-content\/uploads\/2025\/07\/suur_kaart.pdf\" target=\"_blank\" rel=\"noopener noreferrer\"><div class=\"icon\" style=\"-webkit-animation-duration: 300ms;animation-duration: 300ms;\"><span ><i style=\"background-color:transparent;border-color:transparent;height:auto;width: 36px;line-height:normal;font-size:36px;\" aria-hidden=\"true\" class=\"fontawesome-icon icon-basic-cart circle-no\"><\/i><\/span><\/div><h2 class=\"content-box-heading fusion-responsive-typography-calculated\" style=\"--h2_typography-font-size:24px;--fontSize:24;line-height:var(--awb-typography1-line-height);\">Valgehobusem\u00e4e Cycling Loop<\/h2><\/a><\/div><div class=\"fusion-clearfix\"><\/div><div class=\"content-container\">\n<p>Length: 47km<br \/>The cycling loop runs around Valgehobusem\u00e4e and Kakerdaja bog. On the trail, there are wet areas that can be crossed on foot. At the 40km mark , it is possible to explore the bog via boardwalks.<\/p>\n<p>Duration at a moderate pace: approx. 4-5 hours.<br \/>The trail is signposted<br \/>(before the ride, someone in the group should take a hiking map just in case)<br \/>Bring drinks and snacks as there are no shops along the way.<br \/>Price by agreement!<\/p>\n<\/div><div class=\"fusion-clearfix\"><\/div><a class=\" fusion-read-more\" href=\"https:\/\/valgehobuse.ee\/wp-content\/uploads\/2025\/07\/suur_kaart.pdf\" target=\"_blank\" rel=\"noopener noreferrer\">See the map<\/a><div class=\"fusion-clearfix\"><\/div><\/div><\/div><div style=\"--awb-backgroundcolor:#faf7ff;--awb-iconcolor:#593e84;\" class=\"fusion-column content-box-column content-box-column content-box-column-4 col-lg-6 col-md-6 col-sm-6 fusion-content-box-hover content-box-column-last content-box-column-last-in-row\"><div class=\"col content-box-wrapper content-wrapper-background link-area-link-icon content-icon-wrapper-yes icon-hover-animation-fade\" data-animationOffset=\"top-into-view\"><div class=\"heading heading-with-icon icon-left\"><div class=\"icon\" style=\"-webkit-animation-duration: 300ms;animation-duration: 300ms;\"><span ><i style=\"background-color:transparent;border-color:transparent;height:auto;width: 36px;line-height:normal;font-size:36px;\" aria-hidden=\"true\" class=\"fontawesome-icon icon-basic-cart circle-no\"><\/i><\/span><\/div><h2 class=\"content-box-heading fusion-responsive-typography-calculated\" style=\"--h2_typography-font-size:24px;--fontSize:24;line-height:var(--awb-typography1-line-height);\">Hiking trip to Rehesaare Glacial Boulder<\/h2><\/div><div class=\"fusion-clearfix\"><\/div><div class=\"content-container\">\n<p>Length: 11km<br \/>Hiking time: 2 \u2013 3 hours<br \/>Price by agreement!<\/p>\n<\/div><\/div><\/div><div class=\"fusion-clearfix\"><\/div><\/div><\/div><\/div><\/div><\/div>\n","protected":false},"excerpt":{"rendered":"","protected":false},"author":1,"featured_media":0,"parent":0,"menu_order":0,"comment_status":"closed","ping_status":"closed","template":"","meta":{"inline_featured_image":false,"footnotes":""},"class_list":["post-3561","page","type-page","status-publish","hentry"],"yoast_head":"<!-- This site is optimized with the Yoast SEO plugin v26.7 - https:\/\/yoast.com\/wordpress\/plugins\/seo\/ -->\n<title>Hiking - Valgehobuse suusa- ja puhkekeskus<\/title>\n<meta name=\"robots\" content=\"index, follow, max-snippet:-1, max-image-preview:large, max-video-preview:-1\" \/>\n<link rel=\"canonical\" href=\"https:\/\/valgehobuse.ee\/en\/hiking\/\" \/>\n<meta property=\"og:locale\" content=\"en_US\" \/>\n<meta property=\"og:type\" content=\"article\" \/>\n<meta property=\"og:title\" content=\"Hiking - Valgehobuse suusa- ja puhkekeskus\" \/>\n<meta property=\"og:url\" content=\"https:\/\/valgehobuse.ee\/en\/hiking\/\" \/>\n<meta property=\"og:site_name\" content=\"Valgehobuse suusa- ja puhkekeskus\" \/>\n<meta property=\"article:modified_time\" content=\"2025-09-30T08:15:10+00:00\" \/>\n<meta name=\"twitter:card\" content=\"summary_large_image\" \/>\n<meta name=\"twitter:label1\" content=\"Est. reading time\" \/>\n\t<meta name=\"twitter:data1\" content=\"3 minutes\" \/>\n<script type=\"application\/ld+json\" class=\"yoast-schema-graph\">{\"@context\":\"https:\/\/schema.org\",\"@graph\":[{\"@type\":\"WebPage\",\"@id\":\"https:\/\/valgehobuse.ee\/en\/hiking\/\",\"url\":\"https:\/\/valgehobuse.ee\/en\/hiking\/\",\"name\":\"Hiking - Valgehobuse suusa- ja puhkekeskus\",\"isPartOf\":{\"@id\":\"https:\/\/valgehobuse.ee\/en\/#website\"},\"datePublished\":\"2025-07-14T11:30:14+00:00\",\"dateModified\":\"2025-09-30T08:15:10+00:00\",\"breadcrumb\":{\"@id\":\"https:\/\/valgehobuse.ee\/en\/hiking\/#breadcrumb\"},\"inLanguage\":\"en-US\",\"potentialAction\":[{\"@type\":\"ReadAction\",\"target\":[\"https:\/\/valgehobuse.ee\/en\/hiking\/\"]}]},{\"@type\":\"BreadcrumbList\",\"@id\":\"https:\/\/valgehobuse.ee\/en\/hiking\/#breadcrumb\",\"itemListElement\":[{\"@type\":\"ListItem\",\"position\":1,\"name\":\"Home\",\"item\":\"https:\/\/valgehobuse.ee\/en\/\"},{\"@type\":\"ListItem\",\"position\":2,\"name\":\"Hiking\"}]},{\"@type\":\"WebSite\",\"@id\":\"https:\/\/valgehobuse.ee\/en\/#website\",\"url\":\"https:\/\/valgehobuse.ee\/en\/\",\"name\":\"Valgehobuse suusa- ja puhkekeskus\",\"description\":\"Kaunis loodus puhkamiseks igal aastaajal\",\"potentialAction\":[{\"@type\":\"SearchAction\",\"target\":{\"@type\":\"EntryPoint\",\"urlTemplate\":\"https:\/\/valgehobuse.ee\/en\/?s={search_term_string}\"},\"query-input\":{\"@type\":\"PropertyValueSpecification\",\"valueRequired\":true,\"valueName\":\"search_term_string\"}}],\"inLanguage\":\"en-US\"}]}<\/script>\n<!-- \/ Yoast SEO plugin. -->","yoast_head_json":{"title":"Hiking - Valgehobuse suusa- ja puhkekeskus","robots":{"index":"index","follow":"follow","max-snippet":"max-snippet:-1","max-image-preview":"max-image-preview:large","max-video-preview":"max-video-preview:-1"},"canonical":"https:\/\/valgehobuse.ee\/en\/hiking\/","og_locale":"en_US","og_type":"article","og_title":"Hiking - Valgehobuse suusa- ja puhkekeskus","og_url":"https:\/\/valgehobuse.ee\/en\/hiking\/","og_site_name":"Valgehobuse suusa- ja puhkekeskus","article_modified_time":"2025-09-30T08:15:10+00:00","twitter_card":"summary_large_image","twitter_misc":{"Est. reading time":"3 minutes"},"schema":{"@context":"https:\/\/schema.org","@graph":[{"@type":"WebPage","@id":"https:\/\/valgehobuse.ee\/en\/hiking\/","url":"https:\/\/valgehobuse.ee\/en\/hiking\/","name":"Hiking - Valgehobuse suusa- ja puhkekeskus","isPartOf":{"@id":"https:\/\/valgehobuse.ee\/en\/#website"},"datePublished":"2025-07-14T11:30:14+00:00","dateModified":"2025-09-30T08:15:10+00:00","breadcrumb":{"@id":"https:\/\/valgehobuse.ee\/en\/hiking\/#breadcrumb"},"inLanguage":"en-US","potentialAction":[{"@type":"ReadAction","target":["https:\/\/valgehobuse.ee\/en\/hiking\/"]}]},{"@type":"BreadcrumbList","@id":"https:\/\/valgehobuse.ee\/en\/hiking\/#breadcrumb","itemListElement":[{"@type":"ListItem","position":1,"name":"Home","item":"https:\/\/valgehobuse.ee\/en\/"},{"@type":"ListItem","position":2,"name":"Hiking"}]},{"@type":"WebSite","@id":"https:\/\/valgehobuse.ee\/en\/#website","url":"https:\/\/valgehobuse.ee\/en\/","name":"Valgehobuse suusa- ja puhkekeskus","description":"Kaunis loodus puhkamiseks igal aastaajal","potentialAction":[{"@type":"SearchAction","target":{"@type":"EntryPoint","urlTemplate":"https:\/\/valgehobuse.ee\/en\/?s={search_term_string}"},"query-input":{"@type":"PropertyValueSpecification","valueRequired":true,"valueName":"search_term_string"}}],"inLanguage":"en-US"}]}},"_links":{"self":[{"href":"https:\/\/valgehobuse.ee\/en\/wp-json\/wp\/v2\/pages\/3561","targetHints":{"allow":["GET"]}}],"collection":[{"href":"https:\/\/valgehobuse.ee\/en\/wp-json\/wp\/v2\/pages"}],"about":[{"href":"https:\/\/valgehobuse.ee\/en\/wp-json\/wp\/v2\/types\/page"}],"author":[{"embeddable":true,"href":"https:\/\/valgehobuse.ee\/en\/wp-json\/wp\/v2\/users\/1"}],"replies":[{"embeddable":true,"href":"https:\/\/valgehobuse.ee\/en\/wp-json\/wp\/v2\/comments?post=3561"}],"version-history":[{"count":4,"href":"https:\/\/valgehobuse.ee\/en\/wp-json\/wp\/v2\/pages\/3561\/revisions"}],"predecessor-version":[{"id":3732,"href":"https:\/\/valgehobuse.ee\/en\/wp-json\/wp\/v2\/pages\/3561\/revisions\/3732"}],"wp:attachment":[{"href":"https:\/\/valgehobuse.ee\/en\/wp-json\/wp\/v2\/media?parent=3561"}],"curies":[{"name":"wp","href":"https:\/\/api.w.org\/{rel}","templated":true}]}}